{"id":6102,"date":"2017-12-28T18:00:48","date_gmt":"2017-12-28T17:00:48","guid":{"rendered":"http:\/\/kriwat.de\/sport\/?page_id=6102"},"modified":"2026-01-07T13:48:52","modified_gmt":"2026-01-07T12:48:52","slug":"impressum","status":"publish","type":"page","link":"https:\/\/www.kriwat.de\/sport\/impressum\/","title":{"rendered":"Impressum Kriwat Sport"},"content":{"rendered":"<section class=\"l-section wpb_row height_medium color_secondary with_img\"><div class=\"l-section-img\" style=\"background-image: url(https:\/\/www.kriwat.de\/sport\/wp-content\/uploads\/2017\/12\/Kriwat-Sport-Optimiert-dein-Laufen.jpg);\" data-img-width=\"2000\" data-img-height=\"1016\"><\/div><div class=\"l-section-overlay\" style=\"background:rgba(0,48,91,0.6)\"><\/div><div class=\"l-section-h i-cf\"><div class=\"g-cols vc_row via_grid cols_1 laptops-cols_inherit tablets-cols_inherit mobiles-cols_1 valign_middle type_default\"><div class=\"wpb_column vc_column_container\"><div class=\"vc_column-inner\"><h1 class=\"w-post-elm post_title us_custom_064d9100 align_center entry-title color_link_inherit\">Impressum Kriwat Sport<\/h1><ol class=\"g-breadcrumbs us_custom_ea2be81a separator_icon align_center\" itemscope itemtype=\"http:\/\/schema.org\/BreadcrumbList\"><li class=\"g-breadcrumbs-item\" itemscope itemprop=\"itemListElement\" itemtype=\"http:\/\/schema.org\/ListItem\"><a itemprop=\"item\" href=\"https:\/\/www.kriwat.de\/sport\/\"><span itemprop=\"name\">Start<\/span><\/a><meta itemprop=\"position\" content=\"1\"\/><\/li><li class=\"g-breadcrumbs-separator\"><i class=\"far fa-angle-right\"><\/i><\/li><li class=\"g-breadcrumbs-item\">Seiten<\/li><\/ol><\/div><\/div><\/div><\/div><\/section><section class=\"l-section wpb_row height_medium\"><div class=\"l-section-h i-cf\"><div class=\"g-cols vc_row via_grid cols_1 laptops-cols_inherit tablets-cols_inherit mobiles-cols_1 valign_top type_default\"><div class=\"wpb_column vc_column_container\"><div class=\"vc_column-inner\"><div class=\"wpb_text_column\"><div class=\"wpb_wrapper\"><div id=\"c733\" class=\"csc-default\"><\/div>\n<div id=\"c732\" class=\"csc-default\">\n<div id=\"c544\" class=\"csc-default\">\n<p class=\"bodytext\">Kriwat GmbH<br \/>\nK\u00f6nigsweg 43\/45<br \/>\nD-24114 Kiel<\/p>\n<p class=\"bodytext\">Telefon: +49 431 66112-66<br \/>\nFax: +49 431 66112-61<\/p>\n<p class=\"bodytext\">E-Mail:\u00a0<a>info@kriwat.de<\/a><\/p>\n<p class=\"bodytext\">Registergericht: Amtsgericht Pl\u00f6n<\/p>\n<p class=\"bodytext\">Registernummer: HRB 1615<\/p>\n<p class=\"bodytext\">Vertretungsberechtigte Gesch\u00e4ftsf\u00fchrer: Linus Kriwat, Lais Kriwat<\/p>\n<p class=\"bodytext\">Umsatzsteuer-Identifikationsnummer gem. \u00a7 27a UStG:\u00a0DE 134897605<\/p>\n<p class=\"bodytext\">Inhaltlich Verantwortlicher nach \u00a7 55 II RStV: Linus Kriwat (Anschrift s.o.)<\/p>\n<p class=\"bodytext\">Copyright 2018 Kriwat GmbH<\/p>\n<p class=\"bodytext\">Die Webseite einschlie\u00dflich aller ihrer Teile ist urheberrechtlich gesch\u00fctzt. Jede Verwendung ausserhalb der engen Grenzen des Urheberrechtsgesetzes ist ohne Zustimmung der Kriwat GmbH unzul\u00e4ssig und strafbar. Das gilt insbesondere f\u00fcr Vervielf\u00e4ltigungen von Bild- und Textmaterial, \u00fcbersetzungen, Mikroverfilmungen und die Einspeicherung und Verarbeitung in elektronischen Systemen.<\/p>\n<p>&nbsp;<\/p>\n<\/div>\n<\/div>\n<\/div><\/div><\/div><\/div><\/div><\/div><\/section><section class=\"l-section wpb_row height_medium\"><div class=\"l-section-h i-cf\"><div class=\"g-cols vc_row via_grid cols_1 laptops-cols_inherit tablets-cols_inherit mobiles-cols_1 valign_top type_default\"><div class=\"wpb_column vc_column_container\"><div class=\"vc_column-inner\"><div class=\"wpb_text_column\"><div class=\"wpb_wrapper\"><h6>Bildnachweise<\/h6>\n<div>Icons made by <a title=\"Freepik\" href=\"http:\/\/www.freepik.com\">Freepik<\/a> from <a title=\"Flaticon\" href=\"https:\/\/www.flaticon.com\/\">www.flaticon.com<\/a> is licensed by <a title=\"Creative Commons BY 3.0\" href=\"http:\/\/creativecommons.org\/licenses\/by\/3.0\/\" target=\"_blank\" rel=\"noopener noreferrer\">CC 3.0 BY<\/a><\/div>\n<div>Icons made by <a title=\"Vectors Market\" href=\"https:\/\/www.flaticon.com\/authors\/vectors-market\">Vectors Market<\/a> from <a title=\"Flaticon\" href=\"https:\/\/www.flaticon.com\/\">www.flaticon.com<\/a> is licensed by <a title=\"Creative Commons BY 3.0\" href=\"http:\/\/creativecommons.org\/licenses\/by\/3.0\/\" target=\"_blank\" rel=\"noopener noreferrer\">CC 3.0 BY<\/a><\/div>\n<div>Icons made by <a title=\"Freepik\" href=\"http:\/\/www.freepik.com\">Freepik<\/a> from <a title=\"Flaticon\" href=\"https:\/\/www.flaticon.com\/\">www.flaticon.com<\/a> is licensed by <a title=\"Creative Commons BY 3.0\" href=\"http:\/\/creativecommons.org\/licenses\/by\/3.0\/\" target=\"_blank\" rel=\"noopener noreferrer\">CC 3.0 BY<\/a><\/div>\n<\/div><\/div><\/div><\/div><\/div><\/div><\/section>\n","protected":false},"excerpt":{"rendered":"Impressum Kriwat SportStartSeiten Kriwat GmbH K\u00f6nigsweg 43\/45 D-24114 Kiel Telefon: +49 431 66112-66 Fax: +49 431 66112-61 E-Mail:\u00a0info@kriwat.de Registergericht: Amtsgericht Pl\u00f6n Registernummer: HRB 1615 Vertretungsberechtigte Gesch\u00e4ftsf\u00fchrer: Linus Kriwat, Lais Kriwat Umsatzsteuer-Identifikationsnummer gem. \u00a7 27a UStG:\u00a0DE 134897605 Inhaltlich Verantwortlicher nach \u00a7 55 II RStV: Linus Kriwat (Anschrift s.o.) Copyright 2018 Kriwat GmbH Die Webseite einschlie\u00dflich aller...","protected":false},"author":1,"featured_media":6082,"parent":0,"menu_order":0,"comment_status":"closed","ping_status":"closed","template":"","meta":{"inline_featured_image":false,"footnotes":""},"class_list":["post-6102","page","type-page","status-publish","has-post-thumbnail","hentry"],"yoast_head":"<!-- This site is optimized with the Yoast SEO plugin v18.9 - https:\/\/yoast.com\/wordpress\/plugins\/seo\/ -->\n<title>Impressum Kriwat Sport<\/title>\n<meta name=\"description\" content=\"Impressum der Kriwat GmbH - Erfahren Sie hier mehr \u00fcber Bewegungsanalysen, Bike-Fittings, Functional Training in Kiel.\" \/>\n<meta name=\"robots\" content=\"index, follow, max-snippet:-1, max-image-preview:large, max-video-preview:-1\" \/>\n<link rel=\"canonical\" href=\"https:\/\/www.kriwat.de\/sport\/impressum\/\" \/>\n<meta property=\"og:locale\" content=\"de_DE\" \/>\n<meta property=\"og:type\" content=\"article\" \/>\n<meta property=\"og:title\" content=\"Impressum Kriwat Sport\" \/>\n<meta property=\"og:description\" content=\"Impressum der Kriwat GmbH - Erfahren Sie hier mehr \u00fcber Bewegungsanalysen, Bike-Fittings, Functional Training in Kiel.\" \/>\n<meta property=\"og:url\" content=\"https:\/\/www.kriwat.de\/sport\/impressum\/\" \/>\n<meta property=\"og:site_name\" content=\"Kriwat Sport - Bewegungsanalysen, Bike-Fitting, Functional Training in Kiel und Hamburg\" \/>\n<meta property=\"article:modified_time\" content=\"2026-01-07T12:48:52+00:00\" \/>\n<meta property=\"og:image\" content=\"https:\/\/www.kriwat.de\/sport\/wp-content\/uploads\/2017\/12\/Kriwat-Sport-Optimiert-dein-Laufen.jpg\" \/>\n\t<meta property=\"og:image:width\" content=\"2000\" \/>\n\t<meta property=\"og:image:height\" content=\"1016\" \/>\n\t<meta property=\"og:image:type\" content=\"image\/jpeg\" \/>\n<meta name=\"twitter:card\" content=\"summary_large_image\" \/>\n<meta name=\"twitter:label1\" content=\"Gesch\u00e4tzte Lesezeit\" \/>\n\t<meta name=\"twitter:data1\" content=\"1\u00a0Minute\" \/>\n<script type=\"application\/ld+json\" class=\"yoast-schema-graph\">{\"@context\":\"https:\/\/schema.org\",\"@graph\":[{\"@type\":\"WebSite\",\"@id\":\"https:\/\/www.kriwat.de\/sport\/#website\",\"url\":\"https:\/\/www.kriwat.de\/sport\/\",\"name\":\"Kriwat Sport - Bewegungsanalysen, Bike-Fitting, Functional Training in Kiel und Hamburg\",\"description\":\"Bewegungsanalysen und Trainingskonzepte in Kiel und Hamburg\",\"potentialAction\":[{\"@type\":\"SearchAction\",\"target\":{\"@type\":\"EntryPoint\",\"urlTemplate\":\"https:\/\/www.kriwat.de\/sport\/?s={search_term_string}\"},\"query-input\":\"required name=search_term_string\"}],\"inLanguage\":\"de\"},{\"@type\":\"ImageObject\",\"inLanguage\":\"de\",\"@id\":\"https:\/\/www.kriwat.de\/sport\/impressum\/#primaryimage\",\"url\":\"https:\/\/www.kriwat.de\/sport\/wp-content\/uploads\/2017\/12\/Kriwat-Sport-Optimiert-dein-Laufen.jpg\",\"contentUrl\":\"https:\/\/www.kriwat.de\/sport\/wp-content\/uploads\/2017\/12\/Kriwat-Sport-Optimiert-dein-Laufen.jpg\",\"width\":2000,\"height\":1016,\"caption\":\"Laufanalyse zur Optimierung Ihrer Leistung\"},{\"@type\":\"WebPage\",\"@id\":\"https:\/\/www.kriwat.de\/sport\/impressum\/#webpage\",\"url\":\"https:\/\/www.kriwat.de\/sport\/impressum\/\",\"name\":\"Impressum Kriwat Sport\",\"isPartOf\":{\"@id\":\"https:\/\/www.kriwat.de\/sport\/#website\"},\"primaryImageOfPage\":{\"@id\":\"https:\/\/www.kriwat.de\/sport\/impressum\/#primaryimage\"},\"datePublished\":\"2017-12-28T17:00:48+00:00\",\"dateModified\":\"2026-01-07T12:48:52+00:00\",\"description\":\"Impressum der Kriwat GmbH - Erfahren Sie hier mehr \u00fcber Bewegungsanalysen, Bike-Fittings, Functional Training in Kiel.\",\"breadcrumb\":{\"@id\":\"https:\/\/www.kriwat.de\/sport\/impressum\/#breadcrumb\"},\"inLanguage\":\"de\",\"potentialAction\":[{\"@type\":\"ReadAction\",\"target\":[\"https:\/\/www.kriwat.de\/sport\/impressum\/\"]}]},{\"@type\":\"BreadcrumbList\",\"@id\":\"https:\/\/www.kriwat.de\/sport\/impressum\/#breadcrumb\",\"itemListElement\":[{\"@type\":\"ListItem\",\"position\":1,\"name\":\"Startseite\",\"item\":\"https:\/\/www.kriwat.de\/sport\/\"},{\"@type\":\"ListItem\",\"position\":2,\"name\":\"Impressum Kriwat Sport\"}]}]}<\/script>\n<!-- \/ Yoast SEO plugin. -->","yoast_head_json":{"title":"Impressum Kriwat Sport","description":"Impressum der Kriwat GmbH - Erfahren Sie hier mehr \u00fcber Bewegungsanalysen, Bike-Fittings, Functional Training in Kiel.","robots":{"index":"index","follow":"follow","max-snippet":"max-snippet:-1","max-image-preview":"max-image-preview:large","max-video-preview":"max-video-preview:-1"},"canonical":"https:\/\/www.kriwat.de\/sport\/impressum\/","og_locale":"de_DE","og_type":"article","og_title":"Impressum Kriwat Sport","og_description":"Impressum der Kriwat GmbH - Erfahren Sie hier mehr \u00fcber Bewegungsanalysen, Bike-Fittings, Functional Training in Kiel.","og_url":"https:\/\/www.kriwat.de\/sport\/impressum\/","og_site_name":"Kriwat Sport - Bewegungsanalysen, Bike-Fitting, Functional Training in Kiel und Hamburg","article_modified_time":"2026-01-07T12:48:52+00:00","og_image":[{"width":2000,"height":1016,"url":"https:\/\/www.kriwat.de\/sport\/wp-content\/uploads\/2017\/12\/Kriwat-Sport-Optimiert-dein-Laufen.jpg","type":"image\/jpeg"}],"twitter_card":"summary_large_image","twitter_misc":{"Gesch\u00e4tzte Lesezeit":"1\u00a0Minute"},"schema":{"@context":"https:\/\/schema.org","@graph":[{"@type":"WebSite","@id":"https:\/\/www.kriwat.de\/sport\/#website","url":"https:\/\/www.kriwat.de\/sport\/","name":"Kriwat Sport - Bewegungsanalysen, Bike-Fitting, Functional Training in Kiel und Hamburg","description":"Bewegungsanalysen und Trainingskonzepte in Kiel und Hamburg","potentialAction":[{"@type":"SearchAction","target":{"@type":"EntryPoint","urlTemplate":"https:\/\/www.kriwat.de\/sport\/?s={search_term_string}"},"query-input":"required name=search_term_string"}],"inLanguage":"de"},{"@type":"ImageObject","inLanguage":"de","@id":"https:\/\/www.kriwat.de\/sport\/impressum\/#primaryimage","url":"https:\/\/www.kriwat.de\/sport\/wp-content\/uploads\/2017\/12\/Kriwat-Sport-Optimiert-dein-Laufen.jpg","contentUrl":"https:\/\/www.kriwat.de\/sport\/wp-content\/uploads\/2017\/12\/Kriwat-Sport-Optimiert-dein-Laufen.jpg","width":2000,"height":1016,"caption":"Laufanalyse zur Optimierung Ihrer Leistung"},{"@type":"WebPage","@id":"https:\/\/www.kriwat.de\/sport\/impressum\/#webpage","url":"https:\/\/www.kriwat.de\/sport\/impressum\/","name":"Impressum Kriwat Sport","isPartOf":{"@id":"https:\/\/www.kriwat.de\/sport\/#website"},"primaryImageOfPage":{"@id":"https:\/\/www.kriwat.de\/sport\/impressum\/#primaryimage"},"datePublished":"2017-12-28T17:00:48+00:00","dateModified":"2026-01-07T12:48:52+00:00","description":"Impressum der Kriwat GmbH - Erfahren Sie hier mehr \u00fcber Bewegungsanalysen, Bike-Fittings, Functional Training in Kiel.","breadcrumb":{"@id":"https:\/\/www.kriwat.de\/sport\/impressum\/#breadcrumb"},"inLanguage":"de","potentialAction":[{"@type":"ReadAction","target":["https:\/\/www.kriwat.de\/sport\/impressum\/"]}]},{"@type":"BreadcrumbList","@id":"https:\/\/www.kriwat.de\/sport\/impressum\/#breadcrumb","itemListElement":[{"@type":"ListItem","position":1,"name":"Startseite","item":"https:\/\/www.kriwat.de\/sport\/"},{"@type":"ListItem","position":2,"name":"Impressum Kriwat Sport"}]}]}},"_links":{"self":[{"href":"https:\/\/www.kriwat.de\/sport\/wp-json\/wp\/v2\/pages\/6102","targetHints":{"allow":["GET"]}}],"collection":[{"href":"https:\/\/www.kriwat.de\/sport\/wp-json\/wp\/v2\/pages"}],"about":[{"href":"https:\/\/www.kriwat.de\/sport\/wp-json\/wp\/v2\/types\/page"}],"author":[{"embeddable":true,"href":"https:\/\/www.kriwat.de\/sport\/wp-json\/wp\/v2\/users\/1"}],"replies":[{"embeddable":true,"href":"https:\/\/www.kriwat.de\/sport\/wp-json\/wp\/v2\/comments?post=6102"}],"version-history":[{"count":18,"href":"https:\/\/www.kriwat.de\/sport\/wp-json\/wp\/v2\/pages\/6102\/revisions"}],"predecessor-version":[{"id":8366,"href":"https:\/\/www.kriwat.de\/sport\/wp-json\/wp\/v2\/pages\/6102\/revisions\/8366"}],"wp:featuredmedia":[{"embeddable":true,"href":"https:\/\/www.kriwat.de\/sport\/wp-json\/wp\/v2\/media\/6082"}],"wp:attachment":[{"href":"https:\/\/www.kriwat.de\/sport\/wp-json\/wp\/v2\/media?parent=6102"}],"curies":[{"name":"wp","href":"https:\/\/api.w.org\/{rel}","templated":true}]}}