{"id":6277,"date":"2018-02-09T10:51:48","date_gmt":"2018-02-09T09:51:48","guid":{"rendered":"http:\/\/kriwat.de\/sport\/?page_id=6277"},"modified":"2022-04-07T12:31:45","modified_gmt":"2022-04-07T10:31:45","slug":"bestellablauf-warm-up-guide","status":"publish","type":"page","link":"https:\/\/www.kriwat.de\/sport\/bestellablauf-warm-up-guide\/","title":{"rendered":"Bestellablauf Warm-Up-Guide"},"content":{"rendered":"<section class=\"l-section wpb_row height_medium color_primary with_img\"><div class=\"l-section-img\" style=\"background-image: url(https:\/\/www.kriwat.de\/sport\/wp-content\/uploads\/2018\/01\/LA-Bildschirm.jpg);\" data-img-width=\"1500\" data-img-height=\"1000\"><\/div><div class=\"l-section-overlay\" style=\"background:rgba(0,48,91,0.8)\"><\/div><div class=\"l-section-h i-cf\"><div class=\"g-cols vc_row via_grid cols_1 laptops-cols_inherit tablets-cols_inherit mobiles-cols_1 valign_middle type_default\"><div class=\"wpb_column vc_column_container\"><div class=\"vc_column-inner\"><h1 class=\"w-post-elm post_title us_custom_064d9100 align_center entry-title color_link_inherit\">Bestellablauf Warm-Up-Guide<\/h1><ol class=\"g-breadcrumbs us_custom_ea2be81a separator_icon align_center\" itemscope itemtype=\"http:\/\/schema.org\/BreadcrumbList\"><li class=\"g-breadcrumbs-item\" itemscope itemprop=\"itemListElement\" itemtype=\"http:\/\/schema.org\/ListItem\"><a itemprop=\"item\" href=\"https:\/\/www.kriwat.de\/sport\/\"><span itemprop=\"name\">Start<\/span><\/a><meta itemprop=\"position\" content=\"1\"\/><\/li><li class=\"g-breadcrumbs-separator\"><i class=\"far fa-angle-right\"><\/i><\/li><li class=\"g-breadcrumbs-item\">Seiten<\/li><\/ol><\/div><\/div><\/div><\/div><\/section><section class=\"l-section wpb_row height_medium\"><div class=\"l-section-h i-cf\"><div class=\"g-cols vc_row via_grid cols_1 laptops-cols_inherit tablets-cols_inherit mobiles-cols_1 valign_top type_boxes\" style=\"grid-gap:0rem;\"><div class=\"wpb_column vc_column_container\"><div class=\"vc_column-inner\"><div class=\"wpb_text_column\"><div class=\"wpb_wrapper\"><p>Folgenderma\u00dfen funktioniert der Bestellablauf der kostenpflichtigen Registrierung des Kriwat Warm-Up-Guides auf Grundlage unserer AGB.<\/p>\n<ol>\n<li>Der Nutzer hat eigenverantwortlich, ggf. durch die Untersuchung auf Sporttauglichkeit eines Arztes, sicherzustellen, dass er sich in einem guten gesundheitlichen Allgemeinzustand befindet. Die Teilnahme des Nutzers am Kniestrategie Trainingsprogramm erfolgt auf eigene Gefahr! Bei Schmerzen in der Ausf\u00fchrung der \u00dcbungen ist das Training sofort abzubrechen.<\/li>\n<li>Auf der Seite www.kriwat.de\/sport\/warm-up-guide ist auf die Schaltfl\u00e4che \u201eKaufen\u201c zu klicken.<\/li>\n<li>Durch das Klicken der Schaltfl\u00e4che gelangt man zum Warenkorb unseres Partners dem Zahlungsanbieter Digistore24 GmbH.<\/li>\n<li>Man tr\u00e4gt seine pers\u00f6nlichen Daten in das Kontaktformular auf der linken Seite unterhalb des Warenkorbs ein.<\/li>\n<li>Auf der rechten Seite w\u00e4hlt man die gew\u00fcnschte Zahlungsmethode. Wird die Zahlungsmethode \u201eVorkasse\/Rechnung\u201c gew\u00e4hlt, wird das Produkt erst freigeschaltet, wenn der Rechnungsbetrag auf dem Konto unseres Zahlungsanbieters Digistore24 eingeht.<\/li>\n<li>Nach erfolgreicher Zahlung erh\u00e4lt man die Rechnung sowie die Best\u00e4tigung der Zahlung per Mail vom Zahlungsanbieter Digistore24 (Digistore24-Support unter der E-Mail-Adresse <a href=\"mailto:support@digistore24.com)\">support@digistore24.com)<\/a>.<\/li>\n<li>Au\u00dferdem erh\u00e4lt man von der E-Mail-Adresse <a href=\"mailto:sport@kriwat.de\">sport@kriwat.de<\/a> (\u201eKriwat-Sport-Team\u201c) seine pers\u00f6nlichen Zugangsdaten zum Online-Trainingsprogramm. \u00dcber die URL <a href=\"http:\/\/www.kriwat.de\/sport\/login\">kriwat.de\/sport\/login<\/a> kann man sich in seinem pers\u00f6nlichen Nutzerkonto anmelden. Im Men\u00fc \u201cDein Konto\u201d -&gt; \u201cKontoeinstellungen\u201d kann das Kennwort nach Belieben ge\u00e4ndert werden.<\/li>\n<li>Mit dem Versand der pers\u00f6nlichen Zugangsdaten ist der \u201eKriwat Warm-Up-Guide\u201c f\u00fcr den Nutzer abrufbar. Das Nutzerkonto zum Online-Programm steht dem Nutzer in der Regel endlos zur Verf\u00fcgung. Der Nutzer profitiert ebenfalls von allen Produkt-Updates. Laut unseren AGB garantieren wir dem Nutzer die Bereitstellung des Kontos f\u00fcr 6 Monate.<\/li>\n<li>Einzelheiten k\u00f6nnen unseren AGB entnommen werden.<\/li>\n<\/ol>\n<p>Das Kriwat-Sport-Team w\u00fcnscht viel Spa\u00df beim Training!<\/p>\n<p>Stand: 09.02.2018<\/p>\n<\/div><\/div><div class=\"w-separator size_medium with_line width_default thick_1 style_solid color_border align_center\"><div class=\"w-separator-h\"><\/div><\/div><div class=\"g-cols wpb_row via_grid cols_2 laptops-cols_inherit tablets-cols_inherit mobiles-cols_1 valign_top type_default\"><div class=\"wpb_column vc_column_container\"><div class=\"vc_column-inner\"><div class=\"wpb_text_column\"><div class=\"wpb_wrapper\"><h3>Fragen?<\/h3>\n<p>Bei Fragen oder Problemen kannst du dich gerne bei mir melden!<\/p>\n<\/div><\/div><div class=\"w-iconbox iconpos_left style_default color_primary align_left no_text\"><a href=\"mailto: sport@kriwat.de\" class=\"w-iconbox-link\" aria-label=\"sport@kriwat.de\"><div class=\"w-iconbox-icon\" style=\"font-size:2rem;\"><i class=\"material-icons\">mail<\/i><\/div><\/a><div class=\"w-iconbox-meta\"><a href=\"mailto: sport@kriwat.de\" class=\"w-iconbox-link\" aria-label=\"sport@kriwat.de\"><h4 class=\"w-iconbox-title\">sport@kriwat.de<\/h4><\/a><\/div><\/div><div class=\"w-separator size_custom\" style=\"height:32px\"><\/div><div class=\"w-iconbox iconpos_left style_default color_primary align_left no_text\"><a href=\"tel:004943166112730\" class=\"w-iconbox-link\" aria-label=\"0431 &#8211; 66 112 730\"><div class=\"w-iconbox-icon\" style=\"font-size:2rem;\"><i class=\"material-icons\">phone<\/i><\/div><\/a><div class=\"w-iconbox-meta\"><a href=\"tel:004943166112730\" class=\"w-iconbox-link\" aria-label=\"0431 &#8211; 66 112 730\"><h4 class=\"w-iconbox-title\">0431 &#8211; 66 112 730<\/h4><\/a><\/div><\/div><\/div><\/div><div class=\"wpb_column vc_column_container\"><div class=\"vc_column-inner\"><div class=\"w-person layout_circle\" itemscope itemtype=\"https:\/\/schema.org\/Person\"><div class=\"w-person-image\"><img loading=\"lazy\" decoding=\"async\" width=\"350\" height=\"350\" src=\"https:\/\/www.kriwat.de\/sport\/wp-content\/uploads\/2017\/12\/Linus-Kriwat-350x350.jpg\" class=\"attachment-us_350_350_crop size-us_350_350_crop\" alt=\"Mitarbeiter Marketing\" srcset=\"https:\/\/www.kriwat.de\/sport\/wp-content\/uploads\/2017\/12\/Linus-Kriwat-350x350.jpg 350w, https:\/\/www.kriwat.de\/sport\/wp-content\/uploads\/2017\/12\/Linus-Kriwat-150x150.jpg 150w, https:\/\/www.kriwat.de\/sport\/wp-content\/uploads\/2017\/12\/Linus-Kriwat.jpg 500w\" sizes=\"auto, (max-width: 350px) 100vw, 350px\" \/><\/div><div class=\"w-person-content\"><h4 itemprop=\"name\" class=\"w-person-name\"><span>Linus Kriwat<\/span><\/h4><div class=\"w-person-role\" itemprop=\"jobTitle\">Ansprechpartner Trainingsprogramme<\/div><\/div><\/div><\/div><\/div><\/div><\/div><\/div><\/div><\/div><\/section>\n","protected":false},"excerpt":{"rendered":"Bestellablauf Warm-Up-GuideStartSeitenFolgenderma\u00dfen funktioniert der Bestellablauf der kostenpflichtigen Registrierung des Kriwat Warm-Up-Guides auf Grundlage unserer AGB. Der Nutzer hat eigenverantwortlich, ggf. durch die Untersuchung auf Sporttauglichkeit eines Arztes, sicherzustellen, dass er sich in einem guten gesundheitlichen Allgemeinzustand befindet. Die Teilnahme des Nutzers am Kniestrategie Trainingsprogramm erfolgt auf eigene Gefahr! Bei Schmerzen in der Ausf\u00fchrung der \u00dcbungen...","protected":false},"author":1,"featured_media":0,"parent":0,"menu_order":0,"comment_status":"closed","ping_status":"closed","template":"","meta":{"inline_featured_image":false,"footnotes":""},"class_list":["post-6277","page","type-page","status-publish","hentry"],"yoast_head":"<!-- This site is optimized with the Yoast SEO plugin v18.9 - https:\/\/yoast.com\/wordpress\/plugins\/seo\/ -->\n<title>Bestellablauf Warm-Up-Guide<\/title>\n<meta name=\"description\" content=\"Erfahren Sie hier mehr \u00fcber den Kriwat Warm-Up-Guide, der Ihnen beim Aufw\u00e4rmen hilft und Sie optimal auf die \u00dcbungen vorbereitet.\" \/>\n<meta name=\"robots\" content=\"index, follow, max-snippet:-1, max-image-preview:large, max-video-preview:-1\" \/>\n<link rel=\"canonical\" href=\"https:\/\/www.evomedien.de\/kriwat\/sport\/bestellablauf-warm-up-guide\/\" \/>\n<meta property=\"og:locale\" content=\"de_DE\" \/>\n<meta property=\"og:type\" content=\"article\" \/>\n<meta property=\"og:title\" content=\"Bestellablauf Warm-Up-Guide\" \/>\n<meta property=\"og:description\" content=\"Erfahren Sie hier mehr \u00fcber den Kriwat Warm-Up-Guide, der Ihnen beim Aufw\u00e4rmen hilft und Sie optimal auf die \u00dcbungen vorbereitet.\" \/>\n<meta property=\"og:url\" content=\"https:\/\/www.evomedien.de\/kriwat\/sport\/bestellablauf-warm-up-guide\/\" \/>\n<meta property=\"og:site_name\" content=\"Kriwat Sport - Bewegungsanalysen, Bike-Fitting, Functional Training in Kiel und Hamburg\" \/>\n<meta property=\"article:modified_time\" content=\"2022-04-07T10:31:45+00:00\" \/>\n<meta name=\"twitter:card\" content=\"summary_large_image\" \/>\n<meta name=\"twitter:label1\" content=\"Gesch\u00e4tzte Lesezeit\" \/>\n\t<meta name=\"twitter:data1\" content=\"2\u00a0Minuten\" \/>\n<script type=\"application\/ld+json\" class=\"yoast-schema-graph\">{\"@context\":\"https:\/\/schema.org\",\"@graph\":[{\"@type\":\"WebSite\",\"@id\":\"https:\/\/www.kriwat.de\/sport\/#website\",\"url\":\"https:\/\/www.kriwat.de\/sport\/\",\"name\":\"Kriwat Sport - Bewegungsanalysen, Bike-Fitting, Functional Training in Kiel und Hamburg\",\"description\":\"Bewegungsanalysen und Trainingskonzepte in Kiel und Hamburg\",\"potentialAction\":[{\"@type\":\"SearchAction\",\"target\":{\"@type\":\"EntryPoint\",\"urlTemplate\":\"https:\/\/www.kriwat.de\/sport\/?s={search_term_string}\"},\"query-input\":\"required name=search_term_string\"}],\"inLanguage\":\"de\"},{\"@type\":\"WebPage\",\"@id\":\"https:\/\/www.evomedien.de\/kriwat\/sport\/bestellablauf-warm-up-guide\/#webpage\",\"url\":\"https:\/\/www.evomedien.de\/kriwat\/sport\/bestellablauf-warm-up-guide\/\",\"name\":\"Bestellablauf Warm-Up-Guide\",\"isPartOf\":{\"@id\":\"https:\/\/www.kriwat.de\/sport\/#website\"},\"datePublished\":\"2018-02-09T09:51:48+00:00\",\"dateModified\":\"2022-04-07T10:31:45+00:00\",\"description\":\"Erfahren Sie hier mehr \u00fcber den Kriwat Warm-Up-Guide, der Ihnen beim Aufw\u00e4rmen hilft und Sie optimal auf die \u00dcbungen vorbereitet.\",\"breadcrumb\":{\"@id\":\"https:\/\/www.evomedien.de\/kriwat\/sport\/bestellablauf-warm-up-guide\/#breadcrumb\"},\"inLanguage\":\"de\",\"potentialAction\":[{\"@type\":\"ReadAction\",\"target\":[\"https:\/\/www.evomedien.de\/kriwat\/sport\/bestellablauf-warm-up-guide\/\"]}]},{\"@type\":\"BreadcrumbList\",\"@id\":\"https:\/\/www.evomedien.de\/kriwat\/sport\/bestellablauf-warm-up-guide\/#breadcrumb\",\"itemListElement\":[{\"@type\":\"ListItem\",\"position\":1,\"name\":\"Startseite\",\"item\":\"https:\/\/www.kriwat.de\/sport\/\"},{\"@type\":\"ListItem\",\"position\":2,\"name\":\"Bestellablauf Warm-Up-Guide\"}]}]}<\/script>\n<!-- \/ Yoast SEO plugin. -->","yoast_head_json":{"title":"Bestellablauf Warm-Up-Guide","description":"Erfahren Sie hier mehr \u00fcber den Kriwat Warm-Up-Guide, der Ihnen beim Aufw\u00e4rmen hilft und Sie optimal auf die \u00dcbungen vorbereitet.","robots":{"index":"index","follow":"follow","max-snippet":"max-snippet:-1","max-image-preview":"max-image-preview:large","max-video-preview":"max-video-preview:-1"},"canonical":"https:\/\/www.evomedien.de\/kriwat\/sport\/bestellablauf-warm-up-guide\/","og_locale":"de_DE","og_type":"article","og_title":"Bestellablauf Warm-Up-Guide","og_description":"Erfahren Sie hier mehr \u00fcber den Kriwat Warm-Up-Guide, der Ihnen beim Aufw\u00e4rmen hilft und Sie optimal auf die \u00dcbungen vorbereitet.","og_url":"https:\/\/www.evomedien.de\/kriwat\/sport\/bestellablauf-warm-up-guide\/","og_site_name":"Kriwat Sport - Bewegungsanalysen, Bike-Fitting, Functional Training in Kiel und Hamburg","article_modified_time":"2022-04-07T10:31:45+00:00","twitter_card":"summary_large_image","twitter_misc":{"Gesch\u00e4tzte Lesezeit":"2\u00a0Minuten"},"schema":{"@context":"https:\/\/schema.org","@graph":[{"@type":"WebSite","@id":"https:\/\/www.kriwat.de\/sport\/#website","url":"https:\/\/www.kriwat.de\/sport\/","name":"Kriwat Sport - Bewegungsanalysen, Bike-Fitting, Functional Training in Kiel und Hamburg","description":"Bewegungsanalysen und Trainingskonzepte in Kiel und Hamburg","potentialAction":[{"@type":"SearchAction","target":{"@type":"EntryPoint","urlTemplate":"https:\/\/www.kriwat.de\/sport\/?s={search_term_string}"},"query-input":"required name=search_term_string"}],"inLanguage":"de"},{"@type":"WebPage","@id":"https:\/\/www.evomedien.de\/kriwat\/sport\/bestellablauf-warm-up-guide\/#webpage","url":"https:\/\/www.evomedien.de\/kriwat\/sport\/bestellablauf-warm-up-guide\/","name":"Bestellablauf Warm-Up-Guide","isPartOf":{"@id":"https:\/\/www.kriwat.de\/sport\/#website"},"datePublished":"2018-02-09T09:51:48+00:00","dateModified":"2022-04-07T10:31:45+00:00","description":"Erfahren Sie hier mehr \u00fcber den Kriwat Warm-Up-Guide, der Ihnen beim Aufw\u00e4rmen hilft und Sie optimal auf die \u00dcbungen vorbereitet.","breadcrumb":{"@id":"https:\/\/www.evomedien.de\/kriwat\/sport\/bestellablauf-warm-up-guide\/#breadcrumb"},"inLanguage":"de","potentialAction":[{"@type":"ReadAction","target":["https:\/\/www.evomedien.de\/kriwat\/sport\/bestellablauf-warm-up-guide\/"]}]},{"@type":"BreadcrumbList","@id":"https:\/\/www.evomedien.de\/kriwat\/sport\/bestellablauf-warm-up-guide\/#breadcrumb","itemListElement":[{"@type":"ListItem","position":1,"name":"Startseite","item":"https:\/\/www.kriwat.de\/sport\/"},{"@type":"ListItem","position":2,"name":"Bestellablauf Warm-Up-Guide"}]}]}},"_links":{"self":[{"href":"https:\/\/www.kriwat.de\/sport\/wp-json\/wp\/v2\/pages\/6277","targetHints":{"allow":["GET"]}}],"collection":[{"href":"https:\/\/www.kriwat.de\/sport\/wp-json\/wp\/v2\/pages"}],"about":[{"href":"https:\/\/www.kriwat.de\/sport\/wp-json\/wp\/v2\/types\/page"}],"author":[{"embeddable":true,"href":"https:\/\/www.kriwat.de\/sport\/wp-json\/wp\/v2\/users\/1"}],"replies":[{"embeddable":true,"href":"https:\/\/www.kriwat.de\/sport\/wp-json\/wp\/v2\/comments?post=6277"}],"version-history":[{"count":10,"href":"https:\/\/www.kriwat.de\/sport\/wp-json\/wp\/v2\/pages\/6277\/revisions"}],"predecessor-version":[{"id":7889,"href":"https:\/\/www.kriwat.de\/sport\/wp-json\/wp\/v2\/pages\/6277\/revisions\/7889"}],"wp:attachment":[{"href":"https:\/\/www.kriwat.de\/sport\/wp-json\/wp\/v2\/media?parent=6277"}],"curies":[{"name":"wp","href":"https:\/\/api.w.org\/{rel}","templated":true}]}}