{"id":6423,"date":"2018-03-03T21:06:34","date_gmt":"2018-03-03T20:06:34","guid":{"rendered":"http:\/\/kriwat.de\/sport\/?page_id=6423"},"modified":"2025-05-22T15:19:38","modified_gmt":"2025-05-22T13:19:38","slug":"warm-up-guide","status":"publish","type":"page","link":"https:\/\/www.kriwat.de\/sport\/warm-up-guide\/","title":{"rendered":"Warm-Up-Guide"},"content":{"rendered":"<section class=\"l-section wpb_row us_custom_93267f78 height_medium full_height valign_center color_secondary with_img\" id=\"home\"><div class=\"l-section-img\" style=\"background-image: url(https:\/\/www.kriwat.de\/sport\/wp-content\/uploads\/2018\/03\/Warm-Up-Guide-Header.jpg);\" data-img-width=\"1920\" data-img-height=\"1071\"><\/div><div class=\"l-section-overlay\" style=\"background:rgba(0,48,91,0.6)\"><\/div><div class=\"l-section-h i-cf\"><div class=\"g-cols vc_row via_grid cols_1 laptops-cols_inherit tablets-cols_inherit mobiles-cols_1 valign_top type_default\"><div class=\"wpb_column vc_column_container align_center\"><div class=\"vc_column-inner\">[vc_custom_heading text=&#8220;Warm-Up-Guide&#8220; font_container=&#8220;tag:h1|font_size:2.5rem|text_align:center|line_height:1.1&#8243; use_theme_fonts=&#8220;yes&#8220; css=&#8220;%7B%22default%22%3A%7B%22border-right-width%22%3A%22150px%22%2C%22border-left-width%22%3A%22150px%22%2C%22padding-top%22%3A%2210px%22%2C%22padding-bottom%22%3A%2230px%22%2C%22background-image%22%3A%22url%28https%3A%5C%2F%5C%2Fwww.kriwat.de%5C%2Fsport%5C%2Fwp-content%5C%2Fuploads%5C%2F2017%5C%2F12%5C%2FKriwat-Sport-Balken-kurz.png%3Fid%3D5978%29%22%2C%22background-position%22%3A%22center%22%2C%22background-repeat%22%3A%22no-repeat%22%2C%22background-size%22%3A%22cover%22%2C%22font-size%22%3A%222.5rem%22%2C%22line-height%22%3A%221.1%22%7D%7D&#8220;]<div class=\"w-separator size_medium\"><\/div><div class=\"w-btn-wrapper align_none\"><a class=\"w-btn us-btn-style_11 us_custom_f73f4019\" href=\"#mehr-erfahren\"><span class=\"w-btn-label\">Mehr erfahren<\/span><\/a><\/div><\/div><\/div><\/div><\/div><\/section><!-- Row Backgrounds --><div class=\"upb_color\" data-bg-override=\"ex-full\" data-bg-color=\"\" data-fadeout=\"\" data-fadeout-percentage=\"30\" data-parallax-content=\"\" data-parallax-content-sense=\"30\" data-row-effect-mobile-disable=\"true\" data-img-parallax-mobile-disable=\"true\" data-rtl=\"false\"  data-custom-vc-row=\"\"  data-vc=\"6.8.0\"  data-is_old_vc=\"\"  data-theme-support=\"\"   data-overlay=\"false\" data-overlay-color=\"\" data-overlay-pattern=\"\" data-overlay-pattern-opacity=\"\" data-overlay-pattern-size=\"\"    data-seperator=\"true\"  data-seperator-type=\"tilt_left_seperator\"  data-seperator-shape-size=\"40\"  data-seperator-svg-height=\"140\"  data-seperator-full-width=\"true\" data-seperator-position=\"bottom_seperator\"  data-seperator-background-color=\"#ffffff\"  data-icon=\"\"   data-hide-row=\" uvc_hidden-sm  uvc_hidden-xs  uvc_hidden-xsl \" ><\/div><section class=\"l-section wpb_row height_medium\" id=\"mehr-erfahren\"><div class=\"l-section-h i-cf\"><div class=\"g-cols vc_row via_grid cols_2 laptops-cols_inherit tablets-cols_inherit mobiles-cols_1 valign_top type_default\"><div class=\"wpb_column vc_column_container\"><div class=\"vc_column-inner\"><div class=\"w-image align_none\"><div class=\"w-image-h\"><img loading=\"lazy\" decoding=\"async\" width=\"900\" height=\"823\" src=\"https:\/\/www.kriwat.de\/sport\/wp-content\/uploads\/2018\/03\/War-Up-Guide-Devices1-Logo-1.png\" class=\"attachment-large size-large\" alt=\"\u00dcbersicht Warm-Up-Guide\" srcset=\"https:\/\/www.kriwat.de\/sport\/wp-content\/uploads\/2018\/03\/War-Up-Guide-Devices1-Logo-1.png 900w, https:\/\/www.kriwat.de\/sport\/wp-content\/uploads\/2018\/03\/War-Up-Guide-Devices1-Logo-1-600x549.png 600w, https:\/\/www.kriwat.de\/sport\/wp-content\/uploads\/2018\/03\/War-Up-Guide-Devices1-Logo-1-768x702.png 768w\" sizes=\"auto, (max-width: 900px) 100vw, 900px\" \/><\/div><\/div><\/div><\/div><div class=\"wpb_column vc_column_container\"><div class=\"vc_column-inner\"><div class=\"wpb_text_column us_custom_7a5305c6\"><div class=\"wpb_wrapper\"><h2 style=\"text-align: center;\">Der Kriwat <span class=\"highlight highlight_primary\">Warm-Up-Guide<\/span><br \/>\nDas Aktivierungsprogramm f\u00fcr L\u00e4ufer und Ballsportler<\/h2>\n<div class=\"page\" style=\"text-align: center;\" title=\"Page 3\">\n<div class=\"section\">\n<div class=\"layoutArea\">\n<div class=\"column\">\n<p>Der digitale Warm-Up-Guide beinhaltet <strong>sieben verschiedene Aktivierungsprogramme<\/strong>, die dich und deine Muskulatur\u00a0optimal auf das anschlie\u00dfende Training oder den Wettkampf vorbereiten.<\/p>\n<p>W\u00e4hle einfach ein Warm-Up aus, turne uns <strong>5 Minuten<\/strong> nach und laufe los! Du wirst merken, wie du dich von Warm-Up zu Warm-Up und von Training zu Training besser f\u00fchlst.<\/p>\n<\/div>\n<\/div>\n<\/div>\n<\/div>\n<\/div><\/div><\/div><\/div><\/div><\/div><\/section><section class=\"l-section wpb_row height_large color_primary with_img parallax_ver\"><div class=\"l-section-img\" style=\"background-image: url(https:\/\/www.kriwat.de\/sport\/wp-content\/uploads\/2018\/03\/WUG-mockup.jpg);\" data-img-width=\"1500\" data-img-height=\"999\"><\/div><div class=\"l-section-overlay\" style=\"background:rgba(0,48,91,0.6)\"><\/div><div class=\"l-section-h i-cf\"><div class=\"g-cols vc_row via_grid cols_3 laptops-cols_inherit tablets-cols_inherit mobiles-cols_1 valign_top type_default\"><div class=\"wpb_column vc_column_container\"><div class=\"vc_column-inner\"><div class=\"w-iconbox iconpos_top style_circle color_primary align_center\"><div class=\"w-iconbox-icon\" style=\"font-size:2rem;\"><i class=\"material-icons\">directions_run<\/i><\/div><div class=\"w-iconbox-meta\"><p class=\"w-iconbox-title\" style=\"font-size:1.5rem;\">7 verschiedene Warm-Ups<\/p><div class=\"w-iconbox-text\"><p>Mit sieben verschiedenen Aktivierungsprogrammen zur besseren Bewegungsqualit\u00e4t beim Laufen<\/p>\n<\/div><\/div><\/div><\/div><\/div><div class=\"wpb_column vc_column_container\"><div class=\"vc_column-inner\"><div class=\"w-iconbox iconpos_top style_circle color_primary align_center\"><div class=\"w-iconbox-icon\" style=\"font-size:2rem;\"><i class=\"material-icons\">timer<\/i><\/div><div class=\"w-iconbox-meta\"><p class=\"w-iconbox-title\" style=\"font-size:1.5rem;\">Nur 5 Minuten<\/p><div class=\"w-iconbox-text\"><p>In nur 5 Minuten alle wichtigen Muskeln aktivieren<\/p>\n<\/div><\/div><\/div><\/div><\/div><div class=\"wpb_column vc_column_container\"><div class=\"vc_column-inner\"><div class=\"w-iconbox iconpos_top style_circle color_primary align_center\"><div class=\"w-iconbox-icon\" style=\"font-size:2rem;\"><i class=\"material-icons\">timeline<\/i><\/div><div class=\"w-iconbox-meta\"><p class=\"w-iconbox-title\" style=\"font-size:1.5rem;\">Funktionelles Training f\u00fcr L\u00e4ufer<\/p><div class=\"w-iconbox-text\"><p>Der perfekte Einstieg ins funktionelle Training f\u00fcr L\u00e4ufer<\/p>\n<\/div><\/div><\/div><\/div><\/div><\/div><\/div><\/section><section class=\"l-section wpb_row height_large\"><div class=\"l-section-h i-cf\"><div class=\"g-cols vc_row via_grid cols_1 laptops-cols_inherit tablets-cols_inherit mobiles-cols_1 valign_top type_default\"><div class=\"wpb_column vc_column_container\"><div class=\"vc_column-inner\"><div class=\"wpb_text_column\"><div class=\"wpb_wrapper\"><p style=\"text-align: center;\"><strong>Das bekommst du :<\/strong><\/p>\n<ul>\n<li>Zugang zur exklusiven Warm-Up-Guide-Online-Plattform<\/li>\n<li>sieben verschiedene Warm-Ups \/ Aktivierungsprogramme<\/li>\n<li>genaue \u00dcbungserkl\u00e4rungen in Video-Form<\/li>\n<li>Zugriff jederzeit und von \u00fcberall auf Smartphone, Tablett oder PC<\/li>\n<\/ul>\n<\/div><\/div><div class=\"w-separator size_custom\" style=\"height:50px\"><\/div><div class=\"wpb_text_column\"><div class=\"wpb_wrapper\"><p style=\"text-align: center; font-size: 50pt;\"><strong>34,50 EUR<\/strong><\/p>\n<p style=\"text-align: center;\">inkl. 19% MwSt.<br \/>\n(Der Bezahlvorgang wird \u00fcber unseren Partner Digistore24 abgewickelt. <a href=\"https:\/\/www.kriwat.de\/sport\/bestellablauf-warm-up-guide\/\" target=\"_blank\" rel=\"noopener noreferrer\">Mehr Informationen dazu<\/a>)<\/p>\n<\/div><\/div><div class=\"w-separator size_custom\" style=\"height:10px\"><\/div><div class=\"w-btn-wrapper align_center\"><a class=\"w-btn us-btn-style_6 us_custom_f73f4019 kaufen\" href=\"https:\/\/www.digistore24.com\/product\/205871\"><span class=\"w-btn-label\">KAUFEN<\/span><\/a><\/div><\/div><\/div><\/div><\/div><\/section><!-- Row Backgrounds --><div class=\"upb_color\" data-bg-override=\"0\" data-bg-color=\"\" data-fadeout=\"\" data-fadeout-percentage=\"30\" data-parallax-content=\"\" data-parallax-content-sense=\"30\" data-row-effect-mobile-disable=\"true\" data-img-parallax-mobile-disable=\"true\" data-rtl=\"false\"  data-custom-vc-row=\"\"  data-vc=\"6.8.0\"  data-is_old_vc=\"\"  data-theme-support=\"\"   data-overlay=\"false\" data-overlay-color=\"\" data-overlay-pattern=\"\" data-overlay-pattern-opacity=\"\" data-overlay-pattern-size=\"\"    ><\/div>\n","protected":false},"excerpt":{"rendered":"[vc_custom_heading text=\"Warm-Up-Guide\" font_container=\"tag:h1|font_size:2.5rem|text_align:center|line_height:1.1\" use_theme_fonts=\"yes\" css=\"%7B%22default%22%3A%7B%22border-right-width%22%3A%22150px%22%2C%22border-left-width%22%3A%22150px%22%2C%22padding-top%22%3A%2210px%22%2C%22padding-bottom%22%3A%2230px%22%2C%22background-image%22%3A%22url%28https%3A%5C%2F%5C%2Fwww.kriwat.de%5C%2Fsport%5C%2Fwp-content%5C%2Fuploads%5C%2F2017%5C%2F12%5C%2FKriwat-Sport-Balken-kurz.png%3Fid%3D5978%29%22%2C%22background-position%22%3A%22center%22%2C%22background-repeat%22%3A%22no-repeat%22%2C%22background-size%22%3A%22cover%22%2C%22font-size%22%3A%222.5rem%22%2C%22line-height%22%3A%221.1%22%7D%7D\"]Mehr erfahrenDer Kriwat Warm-Up-Guide Das Aktivierungsprogramm f\u00fcr L\u00e4ufer und Ballsportler Der digitale Warm-Up-Guide beinhaltet sieben verschiedene Aktivierungsprogramme, die dich und deine Muskulatur\u00a0optimal auf das anschlie\u00dfende Training oder den Wettkampf vorbereiten. W\u00e4hle einfach ein Warm-Up aus, turne uns 5 Minuten nach und laufe los! Du wirst merken, wie du dich von Warm-Up...","protected":false},"author":1,"featured_media":0,"parent":0,"menu_order":0,"comment_status":"closed","ping_status":"closed","template":"","meta":{"inline_featured_image":false,"footnotes":""},"class_list":["post-6423","page","type-page","status-publish","hentry"],"yoast_head":"<!-- This site is optimized with the Yoast SEO plugin v18.9 - https:\/\/yoast.com\/wordpress\/plugins\/seo\/ -->\n<title>Funktionelles Warm-up f\u00fcr L\u00e4ufer - Optimiere dein Laufen!<\/title>\n<meta name=\"description\" content=\"Profitiere von unserer 30-j\u00e4hrigen Erfahrung in der Betreuung von Spitzensportlern. Das funktionelle Aufw\u00e4rmprogramm speziell f\u00fcr L\u00e4ufer und Ballsportler.\" \/>\n<meta name=\"robots\" content=\"index, follow, max-snippet:-1, max-image-preview:large, max-video-preview:-1\" \/>\n<link rel=\"canonical\" href=\"https:\/\/www.kriwat.de\/sport\/warm-up-guide\/\" \/>\n<meta property=\"og:locale\" content=\"de_DE\" \/>\n<meta property=\"og:type\" content=\"article\" \/>\n<meta property=\"og:title\" content=\"Der Functional-Training-Kurs f\u00fcr L\u00e4ufer in Kiel\" \/>\n<meta property=\"og:description\" content=\"Der mehrmals w\u00f6chentlich stattfindende Functional-Training-Kurs speziell f\u00fcr L\u00e4ufer in Kiel.\" \/>\n<meta property=\"og:url\" content=\"https:\/\/www.kriwat.de\/sport\/warm-up-guide\/\" \/>\n<meta property=\"og:site_name\" content=\"Kriwat Sport - Bewegungsanalysen, Bike-Fitting, Functional Training in Kiel und Hamburg\" \/>\n<meta property=\"article:modified_time\" content=\"2025-05-22T13:19:38+00:00\" \/>\n<meta property=\"og:image\" content=\"https:\/\/www.kriwat.de\/sport\/wp-content\/uploads\/2018\/02\/Sling.jpg\" \/>\n\t<meta property=\"og:image:width\" content=\"1800\" \/>\n\t<meta property=\"og:image:height\" content=\"1180\" \/>\n\t<meta property=\"og:image:type\" content=\"image\/jpeg\" \/>\n<meta name=\"twitter:card\" content=\"summary_large_image\" \/>\n<meta name=\"twitter:label1\" content=\"Gesch\u00e4tzte Lesezeit\" \/>\n\t<meta name=\"twitter:data1\" content=\"2\u00a0Minuten\" \/>\n<script type=\"application\/ld+json\" class=\"yoast-schema-graph\">{\"@context\":\"https:\/\/schema.org\",\"@graph\":[{\"@type\":\"WebSite\",\"@id\":\"https:\/\/www.kriwat.de\/sport\/#website\",\"url\":\"https:\/\/www.kriwat.de\/sport\/\",\"name\":\"Kriwat Sport - Bewegungsanalysen, Bike-Fitting, Functional Training in Kiel und Hamburg\",\"description\":\"Bewegungsanalysen und Trainingskonzepte in Kiel und Hamburg\",\"potentialAction\":[{\"@type\":\"SearchAction\",\"target\":{\"@type\":\"EntryPoint\",\"urlTemplate\":\"https:\/\/www.kriwat.de\/sport\/?s={search_term_string}\"},\"query-input\":\"required name=search_term_string\"}],\"inLanguage\":\"de\"},{\"@type\":\"ImageObject\",\"inLanguage\":\"de\",\"@id\":\"https:\/\/www.kriwat.de\/sport\/warm-up-guide\/#primaryimage\",\"url\":\"https:\/\/www.kriwat.de\/sport\/wp-content\/uploads\/2018\/02\/Sling.jpg\",\"contentUrl\":\"https:\/\/www.kriwat.de\/sport\/wp-content\/uploads\/2018\/02\/Sling.jpg\",\"width\":1800,\"height\":1180,\"caption\":\"Slingtraining\"},{\"@type\":\"WebPage\",\"@id\":\"https:\/\/www.kriwat.de\/sport\/warm-up-guide\/#webpage\",\"url\":\"https:\/\/www.kriwat.de\/sport\/warm-up-guide\/\",\"name\":\"Funktionelles Warm-up f\u00fcr L\u00e4ufer - Optimiere dein Laufen!\",\"isPartOf\":{\"@id\":\"https:\/\/www.kriwat.de\/sport\/#website\"},\"primaryImageOfPage\":{\"@id\":\"https:\/\/www.kriwat.de\/sport\/warm-up-guide\/#primaryimage\"},\"datePublished\":\"2018-03-03T20:06:34+00:00\",\"dateModified\":\"2025-05-22T13:19:38+00:00\",\"description\":\"Profitiere von unserer 30-j\u00e4hrigen Erfahrung in der Betreuung von Spitzensportlern. Das funktionelle Aufw\u00e4rmprogramm speziell f\u00fcr L\u00e4ufer und Ballsportler.\",\"breadcrumb\":{\"@id\":\"https:\/\/www.kriwat.de\/sport\/warm-up-guide\/#breadcrumb\"},\"inLanguage\":\"de\",\"potentialAction\":[{\"@type\":\"ReadAction\",\"target\":[\"https:\/\/www.kriwat.de\/sport\/warm-up-guide\/\"]}]},{\"@type\":\"BreadcrumbList\",\"@id\":\"https:\/\/www.kriwat.de\/sport\/warm-up-guide\/#breadcrumb\",\"itemListElement\":[{\"@type\":\"ListItem\",\"position\":1,\"name\":\"Startseite\",\"item\":\"https:\/\/www.kriwat.de\/sport\/\"},{\"@type\":\"ListItem\",\"position\":2,\"name\":\"Warm-Up-Guide\"}]}]}<\/script>\n<!-- \/ Yoast SEO plugin. -->","yoast_head_json":{"title":"Funktionelles Warm-up f\u00fcr L\u00e4ufer - Optimiere dein Laufen!","description":"Profitiere von unserer 30-j\u00e4hrigen Erfahrung in der Betreuung von Spitzensportlern. Das funktionelle Aufw\u00e4rmprogramm speziell f\u00fcr L\u00e4ufer und Ballsportler.","robots":{"index":"index","follow":"follow","max-snippet":"max-snippet:-1","max-image-preview":"max-image-preview:large","max-video-preview":"max-video-preview:-1"},"canonical":"https:\/\/www.kriwat.de\/sport\/warm-up-guide\/","og_locale":"de_DE","og_type":"article","og_title":"Der Functional-Training-Kurs f\u00fcr L\u00e4ufer in Kiel","og_description":"Der mehrmals w\u00f6chentlich stattfindende Functional-Training-Kurs speziell f\u00fcr L\u00e4ufer in Kiel.","og_url":"https:\/\/www.kriwat.de\/sport\/warm-up-guide\/","og_site_name":"Kriwat Sport - Bewegungsanalysen, Bike-Fitting, Functional Training in Kiel und Hamburg","article_modified_time":"2025-05-22T13:19:38+00:00","og_image":[{"width":1800,"height":1180,"url":"https:\/\/www.kriwat.de\/sport\/wp-content\/uploads\/2018\/02\/Sling.jpg","type":"image\/jpeg"}],"twitter_card":"summary_large_image","twitter_misc":{"Gesch\u00e4tzte Lesezeit":"2\u00a0Minuten"},"schema":{"@context":"https:\/\/schema.org","@graph":[{"@type":"WebSite","@id":"https:\/\/www.kriwat.de\/sport\/#website","url":"https:\/\/www.kriwat.de\/sport\/","name":"Kriwat Sport - Bewegungsanalysen, Bike-Fitting, Functional Training in Kiel und Hamburg","description":"Bewegungsanalysen und Trainingskonzepte in Kiel und Hamburg","potentialAction":[{"@type":"SearchAction","target":{"@type":"EntryPoint","urlTemplate":"https:\/\/www.kriwat.de\/sport\/?s={search_term_string}"},"query-input":"required name=search_term_string"}],"inLanguage":"de"},{"@type":"ImageObject","inLanguage":"de","@id":"https:\/\/www.kriwat.de\/sport\/warm-up-guide\/#primaryimage","url":"https:\/\/www.kriwat.de\/sport\/wp-content\/uploads\/2018\/02\/Sling.jpg","contentUrl":"https:\/\/www.kriwat.de\/sport\/wp-content\/uploads\/2018\/02\/Sling.jpg","width":1800,"height":1180,"caption":"Slingtraining"},{"@type":"WebPage","@id":"https:\/\/www.kriwat.de\/sport\/warm-up-guide\/#webpage","url":"https:\/\/www.kriwat.de\/sport\/warm-up-guide\/","name":"Funktionelles Warm-up f\u00fcr L\u00e4ufer - Optimiere dein Laufen!","isPartOf":{"@id":"https:\/\/www.kriwat.de\/sport\/#website"},"primaryImageOfPage":{"@id":"https:\/\/www.kriwat.de\/sport\/warm-up-guide\/#primaryimage"},"datePublished":"2018-03-03T20:06:34+00:00","dateModified":"2025-05-22T13:19:38+00:00","description":"Profitiere von unserer 30-j\u00e4hrigen Erfahrung in der Betreuung von Spitzensportlern. Das funktionelle Aufw\u00e4rmprogramm speziell f\u00fcr L\u00e4ufer und Ballsportler.","breadcrumb":{"@id":"https:\/\/www.kriwat.de\/sport\/warm-up-guide\/#breadcrumb"},"inLanguage":"de","potentialAction":[{"@type":"ReadAction","target":["https:\/\/www.kriwat.de\/sport\/warm-up-guide\/"]}]},{"@type":"BreadcrumbList","@id":"https:\/\/www.kriwat.de\/sport\/warm-up-guide\/#breadcrumb","itemListElement":[{"@type":"ListItem","position":1,"name":"Startseite","item":"https:\/\/www.kriwat.de\/sport\/"},{"@type":"ListItem","position":2,"name":"Warm-Up-Guide"}]}]}},"_links":{"self":[{"href":"https:\/\/www.kriwat.de\/sport\/wp-json\/wp\/v2\/pages\/6423","targetHints":{"allow":["GET"]}}],"collection":[{"href":"https:\/\/www.kriwat.de\/sport\/wp-json\/wp\/v2\/pages"}],"about":[{"href":"https:\/\/www.kriwat.de\/sport\/wp-json\/wp\/v2\/types\/page"}],"author":[{"embeddable":true,"href":"https:\/\/www.kriwat.de\/sport\/wp-json\/wp\/v2\/users\/1"}],"replies":[{"embeddable":true,"href":"https:\/\/www.kriwat.de\/sport\/wp-json\/wp\/v2\/comments?post=6423"}],"version-history":[{"count":24,"href":"https:\/\/www.kriwat.de\/sport\/wp-json\/wp\/v2\/pages\/6423\/revisions"}],"predecessor-version":[{"id":8345,"href":"https:\/\/www.kriwat.de\/sport\/wp-json\/wp\/v2\/pages\/6423\/revisions\/8345"}],"wp:attachment":[{"href":"https:\/\/www.kriwat.de\/sport\/wp-json\/wp\/v2\/media?parent=6423"}],"curies":[{"name":"wp","href":"https:\/\/api.w.org\/{rel}","templated":true}]}}