{"id":6527,"date":"2018-05-03T10:57:14","date_gmt":"2018-05-03T08:57:14","guid":{"rendered":"http:\/\/kriwat.de\/sport\/?page_id=6527"},"modified":"2022-04-07T12:31:47","modified_gmt":"2022-04-07T10:31:47","slug":"dein-fuss-trainer","status":"publish","type":"page","link":"https:\/\/www.kriwat.de\/sport\/dein-fuss-trainer\/","title":{"rendered":"Dein Fu\u00df-Trainer"},"content":{"rendered":"<section class=\"l-section wpb_row height_medium color_primary with_img\"><div class=\"l-section-img\" style=\"background-image: url(https:\/\/www.kriwat.de\/sport\/wp-content\/uploads\/2018\/02\/Hintergrundbild-1024x372.jpg);\" data-img-width=\"0\" data-img-height=\"0\"><\/div><div class=\"l-section-h i-cf\"><div class=\"g-cols vc_row via_grid cols_1 laptops-cols_inherit tablets-cols_inherit mobiles-cols_1 valign_middle type_default\"><div class=\"wpb_column vc_column_container\"><div class=\"vc_column-inner\"><h1 class=\"w-post-elm post_title us_custom_064d9100 align_center entry-title color_link_inherit\">Dein Fu\u00df-Trainer<\/h1><ol class=\"g-breadcrumbs us_custom_ea2be81a separator_icon align_center\" itemscope itemtype=\"http:\/\/schema.org\/BreadcrumbList\"><li class=\"g-breadcrumbs-item\" itemscope itemprop=\"itemListElement\" itemtype=\"http:\/\/schema.org\/ListItem\"><a itemprop=\"item\" href=\"https:\/\/www.kriwat.de\/sport\/\"><span itemprop=\"name\">Start<\/span><\/a><meta itemprop=\"position\" content=\"1\"\/><\/li><li class=\"g-breadcrumbs-separator\"><i class=\"far fa-angle-right\"><\/i><\/li><li class=\"g-breadcrumbs-item\">Seiten<\/li><\/ol><\/div><\/div><\/div><\/div><\/section><section class=\"l-section wpb_row height_medium\"><div class=\"l-section-h i-cf\"><div class=\"g-cols vc_row via_grid cols_1 laptops-cols_inherit tablets-cols_inherit mobiles-cols_1 valign_top type_default\"><div class=\"wpb_column vc_column_container\"><div class=\"vc_column-inner\"><div class=\"wpb_text_column\"><div class=\"wpb_wrapper\"><h3 style=\"text-align: center;\">Herzlich Willkommen zu Ihrem Fu\u00df-Trainer<\/h3>\n<p style=\"text-align: center;\">Hier finden Sie 4 verschiedene Trainings-Abfolgen, die Ihre Fu\u00dfgesundheit langfristig f\u00f6rdern.<br \/>\nIm Training 1 fangen wir mit leichten Kr\u00e4ftigungs\u00fcbungen f\u00fcr die Fu\u00dfmuskulatur an. Training 2 widmet sich der Dehnung der Muskeln, Sehnen und B\u00e4nder. Wie Sie mit unserem &#8222;Kriwat Hallux-Train&#8220; trainieren, zeigen wir Ihnen in Training 3. Das vierte Training ist ein fortgeschrittenes Koordinations-Training.<\/p>\n<p style=\"text-align: center;\">Bei Fragen oder Anregungen schreiben Sie uns gerne eine E-Mail an <a href=\"mailto:sport@kriwat.de\">sport@kriwat.de<\/a>. Wir helfen Ihnen gerne!<\/p>\n<p style=\"text-align: center;\">Viel Spa\u00df beim Training! Ihr Kriwat-Team<\/p>\n<\/div><\/div><div class=\"g-cols wpb_row via_grid cols_2 laptops-cols_inherit tablets-cols_inherit mobiles-cols_1 valign_top type_default\"><div class=\"wpb_column vc_column_container\"><div class=\"vc_column-inner\"><div class=\"w-image align_none us_animate_afb\" style=\"animation-delay:0.2s\"><a href=\"https:\/\/kriwat.de\/sport\/dein-fuss-trainer\/fuss-training-1\/\" aria-label=\"Link\" class=\"w-image-h\"><img loading=\"lazy\" decoding=\"async\" width=\"600\" height=\"450\" src=\"https:\/\/www.kriwat.de\/sport\/wp-content\/uploads\/2018\/05\/T1-Vorschau.jpg\" class=\"attachment-full size-full\" alt=\"Kriwat Fu\u00df-Trainer Allgemeine Kr\u00e4ftigung\" \/><\/a><\/div><div class=\"w-image align_none us_animate_afb\" style=\"animation-delay:0.2s\"><a href=\"https:\/\/kriwat.de\/sport\/dein-fuss-trainer\/fuss-training-2\/\" aria-label=\"Link\" class=\"w-image-h\"><img loading=\"lazy\" decoding=\"async\" width=\"600\" height=\"450\" src=\"https:\/\/www.kriwat.de\/sport\/wp-content\/uploads\/2018\/05\/T2-Vorschau.jpg\" class=\"attachment-full size-full\" alt=\"Kriwats Fu\u00df-Trainer (Dehnung)\" \/><\/a><\/div><\/div><\/div><div class=\"wpb_column vc_column_container\"><div class=\"vc_column-inner\"><div class=\"w-image align_none us_animate_afb\" style=\"animation-delay:0.2s\"><a href=\"https:\/\/kriwat.de\/sport\/dein-fuss-trainer\/fuss-training-3\/\" aria-label=\"Link\" class=\"w-image-h\"><img loading=\"lazy\" decoding=\"async\" width=\"600\" height=\"450\" src=\"https:\/\/www.kriwat.de\/sport\/wp-content\/uploads\/2018\/05\/T3-Vorschau.jpg\" class=\"attachment-full size-full\" alt=\"Fu\u00df-Trainer Hallux-Train\" \/><\/a><\/div><div class=\"w-image align_none us_animate_afb\" style=\"animation-delay:0.2s\"><a href=\"https:\/\/kriwat.de\/sport\/dein-fuss-trainer\/fuss-training-4\/\" aria-label=\"Link\" class=\"w-image-h\"><img loading=\"lazy\" decoding=\"async\" width=\"600\" height=\"450\" src=\"https:\/\/www.kriwat.de\/sport\/wp-content\/uploads\/2018\/05\/T4-Vorschau.jpg\" class=\"attachment-full size-full\" alt=\"Kriwat Fu\u00df-Trainer Koordination\" \/><\/a><\/div><\/div><\/div><\/div><div class=\"w-separator size_custom\" style=\"height:32px\"><\/div><div class=\"wpb_text_column\"><div class=\"wpb_wrapper\"><div class=\"vc_empty_space\"><\/div>\n<div class=\"wpb_text_column \">\n<div class=\"wpb_wrapper\">\n<p><strong>Wichtig<\/strong>: Das Training erfolgt auf eigene Gefahr. Sollten Sie sich gerade in Behandlung eines Arztes befinden, halten Sie unbedingt R\u00fccksprache mit ihm, ob Sie f\u00fcr den Fu\u00df-Trainer geeignet sind. Sollten Sie Schmerzen empfinden, unterbrechen Sie das Training.<\/p>\n<\/div>\n<\/div>\n<\/div><\/div><\/div><\/div><\/div><\/div><\/section><section class=\"l-section wpb_row height_medium\"><div class=\"l-section-h i-cf\"><div class=\"g-cols vc_row via_grid cols_1 laptops-cols_inherit tablets-cols_inherit mobiles-cols_1 valign_top type_default\"><div class=\"wpb_column vc_column_container\"><div class=\"vc_column-inner\"><div class=\"wpb_text_column\"><div class=\"wpb_wrapper\"><h4>Dies k\u00f6nnte Ihnen ebenfalls helfen:<\/h4>\n<\/div><\/div><div class=\"g-cols wpb_row via_grid cols_3 laptops-cols_inherit tablets-cols_inherit mobiles-cols_1 valign_top type_default\"><div class=\"wpb_column vc_column_container\"><div class=\"vc_column-inner\"><div class=\"w-person layout_simple with_desc\" itemscope itemtype=\"https:\/\/schema.org\/Person\"><div class=\"w-person-image\"><a target=\"_blank\" href=\"http:\/\/kriwat.de\/produkte\/flipflopssandalen\/\" rel=\"noopener\" class=\"w-person-link\" aria-label=\"flip&#039;nMotion Sandalen\"><img loading=\"lazy\" decoding=\"async\" width=\"350\" height=\"350\" src=\"https:\/\/www.kriwat.de\/sport\/wp-content\/uploads\/2018\/05\/Dreierpack-kl-350x350.jpg\" class=\"attachment-us_350_350_crop size-us_350_350_crop\" alt=\"Kriwat Flip-Flops nach Ma\u00df\" srcset=\"https:\/\/www.kriwat.de\/sport\/wp-content\/uploads\/2018\/05\/Dreierpack-kl-350x350.jpg 350w, https:\/\/www.kriwat.de\/sport\/wp-content\/uploads\/2018\/05\/Dreierpack-kl-150x150.jpg 150w, https:\/\/www.kriwat.de\/sport\/wp-content\/uploads\/2018\/05\/Dreierpack-kl.jpg 600w\" sizes=\"auto, (max-width: 350px) 100vw, 350px\" \/><\/a><\/div><div class=\"w-person-content\"><a target=\"_blank\" href=\"http:\/\/kriwat.de\/produkte\/flipflopssandalen\/\" rel=\"noopener\" class=\"w-person-link\" aria-label=\"flip&#039;nMotion Sandalen\"><h4 itemprop=\"name\" class=\"w-person-name\"><span>flip&#8217;nMotion Sandalen<\/span><\/h4><\/a><div class=\"w-person-role\" itemprop=\"jobTitle\">Die FlipFlops nach Ma\u00df<\/div><div class=\"w-person-description\" itemprop=\"description\"><p>Um im Sommer in offenen Schuhen nicht auf den Komfort Ihrer Einlagen verzichten zu m\u00fcssen, fertigen wir Ihnen Ihr Paar FlipFlops nach Ma\u00df. Neben dem individuellen Fu\u00dfbett sind Materialien und Design selbst zusammen zu stellen. Oder Sie w\u00e4hlen ein Modell aus unserer j\u00e4hrlich wechselnden Kollektion. <\/p>\n<\/div><\/div><\/div><\/div><\/div><div class=\"wpb_column vc_column_container\"><div class=\"vc_column-inner\"><div class=\"w-person layout_simple with_desc\" itemscope itemtype=\"https:\/\/schema.org\/Person\"><div class=\"w-person-image\"><a target=\"_blank\" href=\"http:\/\/kriwat.de\/dl\/rueckenscan\/\" rel=\"noopener\" class=\"w-person-link\" aria-label=\"Sensomotorische Einlagen\"><img loading=\"lazy\" decoding=\"async\" width=\"350\" height=\"350\" src=\"https:\/\/www.kriwat.de\/sport\/wp-content\/uploads\/2018\/05\/Kriwat-Senso-350x350.jpg\" class=\"attachment-us_350_350_crop size-us_350_350_crop\" alt=\"Kriwats sensomotorische Einlagen\" srcset=\"https:\/\/www.kriwat.de\/sport\/wp-content\/uploads\/2018\/05\/Kriwat-Senso-350x350.jpg 350w, https:\/\/www.kriwat.de\/sport\/wp-content\/uploads\/2018\/05\/Kriwat-Senso-150x150.jpg 150w, https:\/\/www.kriwat.de\/sport\/wp-content\/uploads\/2018\/05\/Kriwat-Senso-600x600.jpg 600w, https:\/\/www.kriwat.de\/sport\/wp-content\/uploads\/2018\/05\/Kriwat-Senso.jpg 700w\" sizes=\"auto, (max-width: 350px) 100vw, 350px\" \/><\/a><\/div><div class=\"w-person-content\"><a target=\"_blank\" href=\"http:\/\/kriwat.de\/dl\/rueckenscan\/\" rel=\"noopener\" class=\"w-person-link\" aria-label=\"Sensomotorische Einlagen\"><h4 itemprop=\"name\" class=\"w-person-name\"><span>Sensomotorische Einlagen<\/span><\/h4><\/a><div class=\"w-person-role\" itemprop=\"jobTitle\">R\u00fcckenschmerzen von der Fu\u00dfsohle aus beheben<\/div><div class=\"w-person-description\" itemprop=\"description\"><p>Sie haben R\u00fcckenschmerzen oder Verspannungen? \u00dcber unseren R\u00fcckenscan in Kiel haben wir die M\u00f6glichkeit, Fehlhaltungen der H\u00fcfte, des R\u00fcckens und der Schultern genauestens zu analysieren. \u00dcber bestimmte sensomotorische Elemente, die unter der Fu\u00dfsohle platziert werden, kann die K\u00f6rperhaltung korrigiert werden.<\/p>\n<\/div><\/div><\/div><\/div><\/div><div class=\"wpb_column vc_column_container\"><div class=\"vc_column-inner\"><div class=\"w-person layout_simple with_desc\" itemscope itemtype=\"https:\/\/schema.org\/Person\"><div class=\"w-person-image\"><a target=\"_blank\" href=\"http:\/\/kriwat.de\/sport\/laufanalyse\/\" rel=\"noopener\" class=\"w-person-link\" aria-label=\"Gang- und Laufanalyse\"><img loading=\"lazy\" decoding=\"async\" width=\"350\" height=\"350\" src=\"https:\/\/www.kriwat.de\/sport\/wp-content\/uploads\/2017\/12\/Lauanalyse-Vorschau-350x350.jpg\" class=\"attachment-us_350_350_crop size-us_350_350_crop\" alt=\"Laufstrategie\" srcset=\"https:\/\/www.kriwat.de\/sport\/wp-content\/uploads\/2017\/12\/Lauanalyse-Vorschau-350x350.jpg 350w, https:\/\/www.kriwat.de\/sport\/wp-content\/uploads\/2017\/12\/Lauanalyse-Vorschau-150x150.jpg 150w\" sizes=\"auto, (max-width: 350px) 100vw, 350px\" \/><\/a><\/div><div class=\"w-person-content\"><a target=\"_blank\" href=\"http:\/\/kriwat.de\/sport\/laufanalyse\/\" rel=\"noopener\" class=\"w-person-link\" aria-label=\"Gang- und Laufanalyse\"><h4 itemprop=\"name\" class=\"w-person-name\"><span>Gang- und Laufanalyse<\/span><\/h4><\/a><div class=\"w-person-role\" itemprop=\"jobTitle\">Ursachen von dauerhaften Beschwerden erkennen und Leistung optimieren<\/div><div class=\"w-person-description\" itemprop=\"description\"><p>W\u00e4hrend einer Gang- oder Laufanalyse analysieren wir Ihren K\u00f6rper in der Bewegung. Daraus resultieren ganz gezielte Kr\u00e4ftigungs\u00fcbungen oder zielgerichtete Sporteinlagen, die auf Ihr Problem oder Ziel angepasst sind.<\/p>\n<\/div><\/div><\/div><\/div><\/div><\/div><\/div><\/div><\/div><\/div><\/section>\n","protected":false},"excerpt":{"rendered":"Dein Fu\u00df-TrainerStartSeitenHerzlich Willkommen zu Ihrem Fu\u00df-Trainer Hier finden Sie 4 verschiedene Trainings-Abfolgen, die Ihre Fu\u00dfgesundheit langfristig f\u00f6rdern. Im Training 1 fangen wir mit leichten Kr\u00e4ftigungs\u00fcbungen f\u00fcr die Fu\u00dfmuskulatur an. Training 2 widmet sich der Dehnung der Muskeln, Sehnen und B\u00e4nder. Wie Sie mit unserem &#8222;Kriwat Hallux-Train&#8220; trainieren, zeigen wir Ihnen in Training 3. Das vierte...","protected":false},"author":1,"featured_media":0,"parent":0,"menu_order":0,"comment_status":"closed","ping_status":"closed","template":"","meta":{"inline_featured_image":false,"footnotes":""},"class_list":["post-6527","page","type-page","status-publish","hentry"],"yoast_head":"<!-- This site is optimized with the Yoast SEO plugin v18.9 - https:\/\/yoast.com\/wordpress\/plugins\/seo\/ -->\n<title>Dein Fu\u00df-Trainer - Kriwat Sport - Bewegungsanalysen, Bike-Fitting, Functional Training in Kiel und Hamburg<\/title>\n<meta name=\"robots\" content=\"noindex, follow\" \/>\n<meta property=\"og:locale\" content=\"de_DE\" \/>\n<meta property=\"og:type\" content=\"article\" \/>\n<meta property=\"og:title\" content=\"Dein Fu\u00df-Trainer - Kriwat Sport - Bewegungsanalysen, Bike-Fitting, Functional Training in Kiel und Hamburg\" \/>\n<meta property=\"og:url\" content=\"https:\/\/www.evomedien.de\/kriwat\/sport\/dein-fuss-trainer\/\" \/>\n<meta property=\"og:site_name\" content=\"Kriwat Sport - Bewegungsanalysen, Bike-Fitting, Functional Training in Kiel und Hamburg\" \/>\n<meta property=\"article:modified_time\" content=\"2022-04-07T10:31:47+00:00\" \/>\n<meta name=\"twitter:card\" content=\"summary_large_image\" \/>\n<meta name=\"twitter:label1\" content=\"Gesch\u00e4tzte Lesezeit\" \/>\n\t<meta name=\"twitter:data1\" content=\"3\u00a0Minuten\" \/>\n<script type=\"application\/ld+json\" class=\"yoast-schema-graph\">{\"@context\":\"https:\/\/schema.org\",\"@graph\":[{\"@type\":\"WebSite\",\"@id\":\"https:\/\/www.kriwat.de\/sport\/#website\",\"url\":\"https:\/\/www.kriwat.de\/sport\/\",\"name\":\"Kriwat Sport - Bewegungsanalysen, Bike-Fitting, Functional Training in Kiel und Hamburg\",\"description\":\"Bewegungsanalysen und Trainingskonzepte in Kiel und Hamburg\",\"potentialAction\":[{\"@type\":\"SearchAction\",\"target\":{\"@type\":\"EntryPoint\",\"urlTemplate\":\"https:\/\/www.kriwat.de\/sport\/?s={search_term_string}\"},\"query-input\":\"required name=search_term_string\"}],\"inLanguage\":\"de\"},{\"@type\":\"WebPage\",\"@id\":\"https:\/\/www.evomedien.de\/kriwat\/sport\/dein-fuss-trainer\/#webpage\",\"url\":\"https:\/\/www.evomedien.de\/kriwat\/sport\/dein-fuss-trainer\/\",\"name\":\"Dein Fu\u00df-Trainer - Kriwat Sport - Bewegungsanalysen, Bike-Fitting, Functional Training in Kiel und Hamburg\",\"isPartOf\":{\"@id\":\"https:\/\/www.kriwat.de\/sport\/#website\"},\"datePublished\":\"2018-05-03T08:57:14+00:00\",\"dateModified\":\"2022-04-07T10:31:47+00:00\",\"breadcrumb\":{\"@id\":\"https:\/\/www.evomedien.de\/kriwat\/sport\/dein-fuss-trainer\/#breadcrumb\"},\"inLanguage\":\"de\",\"potentialAction\":[{\"@type\":\"ReadAction\",\"target\":[\"https:\/\/www.evomedien.de\/kriwat\/sport\/dein-fuss-trainer\/\"]}]},{\"@type\":\"BreadcrumbList\",\"@id\":\"https:\/\/www.evomedien.de\/kriwat\/sport\/dein-fuss-trainer\/#breadcrumb\",\"itemListElement\":[{\"@type\":\"ListItem\",\"position\":1,\"name\":\"Startseite\",\"item\":\"https:\/\/www.kriwat.de\/sport\/\"},{\"@type\":\"ListItem\",\"position\":2,\"name\":\"Dein Fu\u00df-Trainer\"}]}]}<\/script>\n<!-- \/ Yoast SEO plugin. -->","yoast_head_json":{"title":"Dein Fu\u00df-Trainer - Kriwat Sport - Bewegungsanalysen, Bike-Fitting, Functional Training in Kiel und Hamburg","robots":{"index":"noindex","follow":"follow"},"og_locale":"de_DE","og_type":"article","og_title":"Dein Fu\u00df-Trainer - Kriwat Sport - Bewegungsanalysen, Bike-Fitting, Functional Training in Kiel und Hamburg","og_url":"https:\/\/www.evomedien.de\/kriwat\/sport\/dein-fuss-trainer\/","og_site_name":"Kriwat Sport - Bewegungsanalysen, Bike-Fitting, Functional Training in Kiel und Hamburg","article_modified_time":"2022-04-07T10:31:47+00:00","twitter_card":"summary_large_image","twitter_misc":{"Gesch\u00e4tzte Lesezeit":"3\u00a0Minuten"},"schema":{"@context":"https:\/\/schema.org","@graph":[{"@type":"WebSite","@id":"https:\/\/www.kriwat.de\/sport\/#website","url":"https:\/\/www.kriwat.de\/sport\/","name":"Kriwat Sport - Bewegungsanalysen, Bike-Fitting, Functional Training in Kiel und Hamburg","description":"Bewegungsanalysen und Trainingskonzepte in Kiel und Hamburg","potentialAction":[{"@type":"SearchAction","target":{"@type":"EntryPoint","urlTemplate":"https:\/\/www.kriwat.de\/sport\/?s={search_term_string}"},"query-input":"required name=search_term_string"}],"inLanguage":"de"},{"@type":"WebPage","@id":"https:\/\/www.evomedien.de\/kriwat\/sport\/dein-fuss-trainer\/#webpage","url":"https:\/\/www.evomedien.de\/kriwat\/sport\/dein-fuss-trainer\/","name":"Dein Fu\u00df-Trainer - Kriwat Sport - Bewegungsanalysen, Bike-Fitting, Functional Training in Kiel und Hamburg","isPartOf":{"@id":"https:\/\/www.kriwat.de\/sport\/#website"},"datePublished":"2018-05-03T08:57:14+00:00","dateModified":"2022-04-07T10:31:47+00:00","breadcrumb":{"@id":"https:\/\/www.evomedien.de\/kriwat\/sport\/dein-fuss-trainer\/#breadcrumb"},"inLanguage":"de","potentialAction":[{"@type":"ReadAction","target":["https:\/\/www.evomedien.de\/kriwat\/sport\/dein-fuss-trainer\/"]}]},{"@type":"BreadcrumbList","@id":"https:\/\/www.evomedien.de\/kriwat\/sport\/dein-fuss-trainer\/#breadcrumb","itemListElement":[{"@type":"ListItem","position":1,"name":"Startseite","item":"https:\/\/www.kriwat.de\/sport\/"},{"@type":"ListItem","position":2,"name":"Dein Fu\u00df-Trainer"}]}]}},"_links":{"self":[{"href":"https:\/\/www.kriwat.de\/sport\/wp-json\/wp\/v2\/pages\/6527","targetHints":{"allow":["GET"]}}],"collection":[{"href":"https:\/\/www.kriwat.de\/sport\/wp-json\/wp\/v2\/pages"}],"about":[{"href":"https:\/\/www.kriwat.de\/sport\/wp-json\/wp\/v2\/types\/page"}],"author":[{"embeddable":true,"href":"https:\/\/www.kriwat.de\/sport\/wp-json\/wp\/v2\/users\/1"}],"replies":[{"embeddable":true,"href":"https:\/\/www.kriwat.de\/sport\/wp-json\/wp\/v2\/comments?post=6527"}],"version-history":[{"count":18,"href":"https:\/\/www.kriwat.de\/sport\/wp-json\/wp\/v2\/pages\/6527\/revisions"}],"predecessor-version":[{"id":7911,"href":"https:\/\/www.kriwat.de\/sport\/wp-json\/wp\/v2\/pages\/6527\/revisions\/7911"}],"wp:attachment":[{"href":"https:\/\/www.kriwat.de\/sport\/wp-json\/wp\/v2\/media?parent=6527"}],"curies":[{"name":"wp","href":"https:\/\/api.w.org\/{rel}","templated":true}]}}