{"id":6914,"date":"2018-09-23T16:19:01","date_gmt":"2018-09-23T14:19:01","guid":{"rendered":"https:\/\/kriwat.de\/sport\/?page_id=6914"},"modified":"2022-11-15T12:46:23","modified_gmt":"2022-11-15T11:46:23","slug":"termin-buchen","status":"publish","type":"page","link":"https:\/\/www.kriwat.de\/sport\/termin-buchen\/","title":{"rendered":"Termin buchen"},"content":{"rendered":"<section class=\"l-section wpb_row height_medium color_secondary with_img\"><div class=\"l-section-img\" style=\"background-image: url(https:\/\/www.kriwat.de\/sport\/wp-content\/uploads\/2017\/12\/Sarah-auf-dem-laufband.jpg);\" data-img-width=\"1920\" data-img-height=\"1125\"><\/div><div class=\"l-section-overlay\" style=\"background:rgba(0,48,91,0.6)\"><\/div><div class=\"l-section-h i-cf\"><div class=\"g-cols vc_row via_grid cols_1 laptops-cols_inherit tablets-cols_inherit mobiles-cols_1 valign_middle type_default\"><div class=\"wpb_column vc_column_container\"><div class=\"vc_column-inner\"><h1 class=\"w-post-elm post_title us_custom_064d9100 align_center entry-title color_link_inherit\">Termin buchen<\/h1><ol class=\"g-breadcrumbs us_custom_ea2be81a separator_icon align_center\" itemscope itemtype=\"http:\/\/schema.org\/BreadcrumbList\"><li class=\"g-breadcrumbs-item\" itemscope itemprop=\"itemListElement\" itemtype=\"http:\/\/schema.org\/ListItem\"><a itemprop=\"item\" href=\"https:\/\/www.kriwat.de\/sport\/\"><span itemprop=\"name\">Start<\/span><\/a><meta itemprop=\"position\" content=\"1\"\/><\/li><li class=\"g-breadcrumbs-separator\"><i class=\"far fa-angle-right\"><\/i><\/li><li class=\"g-breadcrumbs-item\">Seiten<\/li><\/ol><\/div><\/div><\/div><\/div><\/section><section class=\"l-section wpb_row height_medium\"><div class=\"l-section-h i-cf\"><div class=\"g-cols vc_row via_grid cols_1 laptops-cols_inherit tablets-cols_inherit mobiles-cols_1 valign_top type_boxes\" style=\"grid-gap:0rem;\"><div class=\"wpb_column vc_column_container\"><div class=\"vc_column-inner\"><div class=\"g-cols wpb_row via_grid cols_2 laptops-cols_inherit tablets-cols_inherit mobiles-cols_1 valign_top type_default\"><div class=\"wpb_column vc_column_container\"><div class=\"vc_column-inner\"><div class=\"wpb_text_column\"><div class=\"wpb_wrapper\"><h2 style=\"text-align: center;\">Letzte Informationen vor der Reservierung Deines Termins<\/h2>\n<p style=\"text-align: left;\">Damit wir unsere Analyse optimal durchf\u00fchren und dich beraten k\u00f6nnen, gibt es einige Dinge, dir wir dir noch mitteilen m\u00fcssen:<\/p>\n<ul>\n<li style=\"text-align: left;\">Bitte bringe deine aktuellen Lauf- bzw. Radschuhe mit zur Analyse, damit wir deine Bewegung noch besser bewerten k\u00f6nnen<\/li>\n<li style=\"text-align: left;\">Trage kurze Sporthosen, die\u00a0oberhalb des Knies enden<\/li>\n<li>F\u00fcr L\u00e4uferinnen empfehlen wir einen Sport-BH<\/li>\n<\/ul>\n<\/div><\/div><\/div><\/div><div class=\"wpb_column vc_column_container\"><div class=\"vc_column-inner\"><div class=\"w-image align_none\"><div class=\"w-image-h\"><img loading=\"lazy\" decoding=\"async\" width=\"700\" height=\"467\" src=\"https:\/\/www.kriwat.de\/sport\/wp-content\/uploads\/2018\/09\/Sport-Termin-vereinbaren.png\" class=\"attachment-large size-large\" alt=\"online Terminbuchung zur Laufanalyse\" srcset=\"https:\/\/www.kriwat.de\/sport\/wp-content\/uploads\/2018\/09\/Sport-Termin-vereinbaren.png 700w, https:\/\/www.kriwat.de\/sport\/wp-content\/uploads\/2018\/09\/Sport-Termin-vereinbaren-600x400.png 600w\" sizes=\"auto, (max-width: 700px) 100vw, 700px\" \/><\/div><\/div><\/div><\/div><\/div><div class=\"w-separator size_medium with_line width_default thick_2 style_solid color_border align_center\"><div class=\"w-separator-h\"><\/div><\/div><div class=\"wpb_text_column\"><div class=\"wpb_wrapper\"><h3 style=\"text-align: center;\">Super! Dann kann es losgehen!<\/h3>\n<\/div><\/div><\/div><\/div><\/div><\/div><\/section><section class=\"l-section wpb_row us_custom_bceac954 height_medium\"><div class=\"l-section-h i-cf\"><div class=\"g-cols vc_row via_grid cols_2 laptops-cols_inherit tablets-cols_inherit mobiles-cols_1 valign_top type_default\"><div class=\"wpb_column vc_column_container\"><div class=\"vc_column-inner\"><div class=\"w-image align_center\"><a title=\"Termin Laufanalyse\" href=\"https:\/\/www.kriwat.de\/sport\/termin-laufanalyse\/\" aria-label=\"Link\" class=\"w-image-h\"><img loading=\"lazy\" decoding=\"async\" width=\"350\" height=\"350\" src=\"https:\/\/www.kriwat.de\/sport\/wp-content\/uploads\/2018\/12\/5D-Lab-Kriwat-350x350.jpg\" class=\"attachment-us_350_350_crop size-us_350_350_crop\" alt=\"Ablauf einer Laufanalyse bei Ihrem Sanit\u00e4tshaus in Kiel\" srcset=\"https:\/\/www.kriwat.de\/sport\/wp-content\/uploads\/2018\/12\/5D-Lab-Kriwat-350x350.jpg 350w, https:\/\/www.kriwat.de\/sport\/wp-content\/uploads\/2018\/12\/5D-Lab-Kriwat-150x150.jpg 150w, https:\/\/www.kriwat.de\/sport\/wp-content\/uploads\/2018\/12\/5D-Lab-Kriwat-600x600.jpg 600w\" sizes=\"auto, (max-width: 350px) 100vw, 350px\" \/><\/a><\/div><div class=\"w-separator size_small\"><\/div><div class=\"wpb_text_column\"><div class=\"wpb_wrapper\"><h2 style=\"text-align: center;\"><a href=\"https:\/\/www.kriwat.de\/sport\/termin-laufanalyse\/\">Termin Laufanalyse<\/a><\/h2>\n<\/div><\/div><\/div><\/div><div class=\"wpb_column vc_column_container\"><div class=\"vc_column-inner\"><div class=\"w-image align_center\"><a title=\"Termin Radanalyse\" href=\"https:\/\/www.kriwat.de\/sport\/termin-radanalyse\/\" aria-label=\"Link\" class=\"w-image-h\"><img loading=\"lazy\" decoding=\"async\" width=\"350\" height=\"350\" src=\"https:\/\/www.kriwat.de\/sport\/wp-content\/uploads\/2017\/12\/Bike-Fitting-Vorschau-350x350.jpg\" class=\"attachment-us_350_350_crop size-us_350_350_crop\" alt=\"Optimierung des Bewegungsablaufs durch Bewegungsanalyse.\" srcset=\"https:\/\/www.kriwat.de\/sport\/wp-content\/uploads\/2017\/12\/Bike-Fitting-Vorschau-350x350.jpg 350w, https:\/\/www.kriwat.de\/sport\/wp-content\/uploads\/2017\/12\/Bike-Fitting-Vorschau-150x150.jpg 150w\" sizes=\"auto, (max-width: 350px) 100vw, 350px\" \/><\/a><\/div><div class=\"w-separator size_small\"><\/div><div class=\"wpb_text_column\"><div class=\"wpb_wrapper\"><h2 style=\"text-align: center;\"><a href=\"https:\/\/www.kriwat.de\/sport\/termin-radanalyse\/\">Termin Bikefitting<\/a><\/h2>\n<\/div><\/div><\/div><\/div><\/div><\/div><\/section>\n","protected":false},"excerpt":{"rendered":"Termin buchenStartSeitenLetzte Informationen vor der Reservierung Deines Termins Damit wir unsere Analyse optimal durchf\u00fchren und dich beraten k\u00f6nnen, gibt es einige Dinge, dir wir dir noch mitteilen m\u00fcssen: Bitte bringe deine aktuellen Lauf- bzw. Radschuhe mit zur Analyse, damit wir deine Bewegung noch besser bewerten k\u00f6nnen Trage kurze Sporthosen, die\u00a0oberhalb des Knies enden F\u00fcr L\u00e4uferinnen...","protected":false},"author":1,"featured_media":0,"parent":0,"menu_order":0,"comment_status":"closed","ping_status":"closed","template":"","meta":{"inline_featured_image":false,"footnotes":""},"class_list":["post-6914","page","type-page","status-publish","hentry"],"yoast_head":"<!-- This site is optimized with the Yoast SEO plugin v18.9 - https:\/\/yoast.com\/wordpress\/plugins\/seo\/ -->\n<title>Termin buchen<\/title>\n<meta name=\"description\" content=\"WIR BRINGEN SIE WIEDER IN BEWEGUNG holen Sie sich jetzt einfach online oder telefonisch einen Termin und optimieren Sie so Ihre Leistungen\" \/>\n<meta name=\"robots\" content=\"index, follow, max-snippet:-1, max-image-preview:large, max-video-preview:-1\" \/>\n<link rel=\"canonical\" href=\"https:\/\/www.kriwat.de\/sport\/termin-buchen\/\" \/>\n<meta property=\"og:locale\" content=\"de_DE\" \/>\n<meta property=\"og:type\" content=\"article\" \/>\n<meta property=\"og:title\" content=\"Termin buchen\" \/>\n<meta property=\"og:description\" content=\"WIR BRINGEN SIE WIEDER IN BEWEGUNG holen Sie sich jetzt einfach online oder telefonisch einen Termin und optimieren Sie so Ihre Leistungen\" \/>\n<meta property=\"og:url\" content=\"https:\/\/www.kriwat.de\/sport\/termin-buchen\/\" \/>\n<meta property=\"og:site_name\" content=\"Kriwat Sport - Bewegungsanalysen, Bike-Fitting, Functional Training in Kiel und Hamburg\" \/>\n<meta property=\"article:modified_time\" content=\"2022-11-15T11:46:23+00:00\" \/>\n<meta name=\"twitter:card\" content=\"summary_large_image\" \/>\n<meta name=\"twitter:label1\" content=\"Gesch\u00e4tzte Lesezeit\" \/>\n\t<meta name=\"twitter:data1\" content=\"1\u00a0Minute\" \/>\n<script type=\"application\/ld+json\" class=\"yoast-schema-graph\">{\"@context\":\"https:\/\/schema.org\",\"@graph\":[{\"@type\":\"WebSite\",\"@id\":\"https:\/\/www.kriwat.de\/sport\/#website\",\"url\":\"https:\/\/www.kriwat.de\/sport\/\",\"name\":\"Kriwat Sport - Bewegungsanalysen, Bike-Fitting, Functional Training in Kiel und Hamburg\",\"description\":\"Bewegungsanalysen und Trainingskonzepte in Kiel und Hamburg\",\"potentialAction\":[{\"@type\":\"SearchAction\",\"target\":{\"@type\":\"EntryPoint\",\"urlTemplate\":\"https:\/\/www.kriwat.de\/sport\/?s={search_term_string}\"},\"query-input\":\"required name=search_term_string\"}],\"inLanguage\":\"de\"},{\"@type\":\"WebPage\",\"@id\":\"https:\/\/www.kriwat.de\/sport\/termin-buchen\/#webpage\",\"url\":\"https:\/\/www.kriwat.de\/sport\/termin-buchen\/\",\"name\":\"Termin buchen\",\"isPartOf\":{\"@id\":\"https:\/\/www.kriwat.de\/sport\/#website\"},\"datePublished\":\"2018-09-23T14:19:01+00:00\",\"dateModified\":\"2022-11-15T11:46:23+00:00\",\"description\":\"WIR BRINGEN SIE WIEDER IN BEWEGUNG holen Sie sich jetzt einfach online oder telefonisch einen Termin und optimieren Sie so Ihre Leistungen\",\"breadcrumb\":{\"@id\":\"https:\/\/www.kriwat.de\/sport\/termin-buchen\/#breadcrumb\"},\"inLanguage\":\"de\",\"potentialAction\":[{\"@type\":\"ReadAction\",\"target\":[\"https:\/\/www.kriwat.de\/sport\/termin-buchen\/\"]}]},{\"@type\":\"BreadcrumbList\",\"@id\":\"https:\/\/www.kriwat.de\/sport\/termin-buchen\/#breadcrumb\",\"itemListElement\":[{\"@type\":\"ListItem\",\"position\":1,\"name\":\"Startseite\",\"item\":\"https:\/\/www.kriwat.de\/sport\/\"},{\"@type\":\"ListItem\",\"position\":2,\"name\":\"Termin buchen\"}]}]}<\/script>\n<!-- \/ Yoast SEO plugin. -->","yoast_head_json":{"title":"Termin buchen","description":"WIR BRINGEN SIE WIEDER IN BEWEGUNG holen Sie sich jetzt einfach online oder telefonisch einen Termin und optimieren Sie so Ihre Leistungen","robots":{"index":"index","follow":"follow","max-snippet":"max-snippet:-1","max-image-preview":"max-image-preview:large","max-video-preview":"max-video-preview:-1"},"canonical":"https:\/\/www.kriwat.de\/sport\/termin-buchen\/","og_locale":"de_DE","og_type":"article","og_title":"Termin buchen","og_description":"WIR BRINGEN SIE WIEDER IN BEWEGUNG holen Sie sich jetzt einfach online oder telefonisch einen Termin und optimieren Sie so Ihre Leistungen","og_url":"https:\/\/www.kriwat.de\/sport\/termin-buchen\/","og_site_name":"Kriwat Sport - Bewegungsanalysen, Bike-Fitting, Functional Training in Kiel und Hamburg","article_modified_time":"2022-11-15T11:46:23+00:00","twitter_card":"summary_large_image","twitter_misc":{"Gesch\u00e4tzte Lesezeit":"1\u00a0Minute"},"schema":{"@context":"https:\/\/schema.org","@graph":[{"@type":"WebSite","@id":"https:\/\/www.kriwat.de\/sport\/#website","url":"https:\/\/www.kriwat.de\/sport\/","name":"Kriwat Sport - Bewegungsanalysen, Bike-Fitting, Functional Training in Kiel und Hamburg","description":"Bewegungsanalysen und Trainingskonzepte in Kiel und Hamburg","potentialAction":[{"@type":"SearchAction","target":{"@type":"EntryPoint","urlTemplate":"https:\/\/www.kriwat.de\/sport\/?s={search_term_string}"},"query-input":"required name=search_term_string"}],"inLanguage":"de"},{"@type":"WebPage","@id":"https:\/\/www.kriwat.de\/sport\/termin-buchen\/#webpage","url":"https:\/\/www.kriwat.de\/sport\/termin-buchen\/","name":"Termin buchen","isPartOf":{"@id":"https:\/\/www.kriwat.de\/sport\/#website"},"datePublished":"2018-09-23T14:19:01+00:00","dateModified":"2022-11-15T11:46:23+00:00","description":"WIR BRINGEN SIE WIEDER IN BEWEGUNG holen Sie sich jetzt einfach online oder telefonisch einen Termin und optimieren Sie so Ihre Leistungen","breadcrumb":{"@id":"https:\/\/www.kriwat.de\/sport\/termin-buchen\/#breadcrumb"},"inLanguage":"de","potentialAction":[{"@type":"ReadAction","target":["https:\/\/www.kriwat.de\/sport\/termin-buchen\/"]}]},{"@type":"BreadcrumbList","@id":"https:\/\/www.kriwat.de\/sport\/termin-buchen\/#breadcrumb","itemListElement":[{"@type":"ListItem","position":1,"name":"Startseite","item":"https:\/\/www.kriwat.de\/sport\/"},{"@type":"ListItem","position":2,"name":"Termin buchen"}]}]}},"_links":{"self":[{"href":"https:\/\/www.kriwat.de\/sport\/wp-json\/wp\/v2\/pages\/6914","targetHints":{"allow":["GET"]}}],"collection":[{"href":"https:\/\/www.kriwat.de\/sport\/wp-json\/wp\/v2\/pages"}],"about":[{"href":"https:\/\/www.kriwat.de\/sport\/wp-json\/wp\/v2\/types\/page"}],"author":[{"embeddable":true,"href":"https:\/\/www.kriwat.de\/sport\/wp-json\/wp\/v2\/users\/1"}],"replies":[{"embeddable":true,"href":"https:\/\/www.kriwat.de\/sport\/wp-json\/wp\/v2\/comments?post=6914"}],"version-history":[{"count":10,"href":"https:\/\/www.kriwat.de\/sport\/wp-json\/wp\/v2\/pages\/6914\/revisions"}],"predecessor-version":[{"id":8043,"href":"https:\/\/www.kriwat.de\/sport\/wp-json\/wp\/v2\/pages\/6914\/revisions\/8043"}],"wp:attachment":[{"href":"https:\/\/www.kriwat.de\/sport\/wp-json\/wp\/v2\/media?parent=6914"}],"curies":[{"name":"wp","href":"https:\/\/api.w.org\/{rel}","templated":true}]}}